{"id":4257,"date":"2022-02-03T09:08:09","date_gmt":"2022-02-03T07:08:09","guid":{"rendered":"https:\/\/eng.ubbcluj.ro\/?page_id=4257"},"modified":"2022-02-03T09:19:40","modified_gmt":"2022-02-03T07:19:40","slug":"sudura-2021","status":"publish","type":"page","link":"https:\/\/ing.ubbcluj.ro\/?page_id=4257","title":{"rendered":"SUDURA 2021"},"content":{"rendered":"<section  class='av_textblock_section av-kz6n53vy-04bd1ec0cfaa0f4f0ac9501627eb6b4b '   itemscope=\"itemscope\" itemtype=\"https:\/\/schema.org\/CreativeWork\" ><div class='avia_textblock'  itemprop=\"text\" ><h3>Conferin\u021ba interna\u021bional\u0103 <a href=\"https:\/\/asr.ro\/sudura2021\/\">SUDURA 2021<\/a>, 22 &#8211; 23 aprilie 2021, Re\u0219i\u021ba<\/h3>\n<\/div><\/section>\n\n<style type=\"text\/css\" data-created_by=\"avia_inline_auto\" id=\"style-css-av-ekwp29-ff0a28f41e6638e534a744730b64a6c8\">\n.flex_column.av-ekwp29-ff0a28f41e6638e534a744730b64a6c8{\nborder-radius:0px 0px 0px 0px;\npadding:0px 0px 0px 0px;\n}\n<\/style>\n<div  class='flex_column av-ekwp29-ff0a28f41e6638e534a744730b64a6c8 av_one_third  avia-builder-el-1  el_after_av_textblock  el_before_av_one_third  first flex_column_div av-zero-column-padding  column-top-margin'     ><p>\n<style type=\"text\/css\" data-created_by=\"avia_inline_auto\" id=\"style-css-av-kz6n8jm7-45a042df3c88fd3f00b960df0677172b\">\n.avia-image-container.av-kz6n8jm7-45a042df3c88fd3f00b960df0677172b img.avia_image{\nbox-shadow:none;\n}\n.avia-image-container.av-kz6n8jm7-45a042df3c88fd3f00b960df0677172b .av-image-caption-overlay-center{\ncolor:#ffffff;\n}\n<\/style>\n<div  class='avia-image-container av-kz6n8jm7-45a042df3c88fd3f00b960df0677172b av-styling- avia-align-center  avia-builder-el-2  el_before_av_textblock  avia-builder-el-first '   itemprop=\"image\" itemscope=\"itemscope\" itemtype=\"https:\/\/schema.org\/ImageObject\" ><div class=\"avia-image-container-inner\"><div class=\"avia-image-overlay-wrap\"><img decoding=\"async\" fetchpriority=\"high\" class='wp-image-2442 avia-img-lazy-loading-not-2442 avia_image ' src=\"https:\/\/ing.ubbcluj.ro\/wp-content\/uploads\/2021\/04\/Welding2021-1-495x400.png\" alt='' title='Welding2021'  height=\"400\" width=\"495\"  itemprop=\"thumbnailUrl\"  \/><\/div><\/div><\/div><br \/>\n<section  class='av_textblock_section av-kz6n7mcf-b385a57fdf0f2c2bb9a307500e359b4d '   itemscope=\"itemscope\" itemtype=\"https:\/\/schema.org\/CreativeWork\" ><div class='avia_textblock'  itemprop=\"text\" ><p><strong>Program cadru<\/strong><br \/>\n<em>Joi, 22.04.2021<\/em><br \/>\n9:30 \u2013 11:20 Ceremonia de deschidere + Sesiunea 1<br \/>\n11:40 \u2013 13:20 Sesiunea 2<br \/>\n14:30 \u2013 16:30 Sesiunea 3<br \/>\n16:50 \u2013 19:00 Sesiunea 4<br \/>\n<em>Vineri, 23.04.2021<\/em><br \/>\n9:00 &#8211; 11:00 Sesiunea 5<br \/>\n11:20 &#8211; 13:00 Sesiunea 6<br \/>\n13:00 &#8211; 14:00 Sesiunea tehnico &#8211; comercial\u0103<br \/>\n15:00 &#8211; 16:30 Sesiunea 7<br \/>\n16:50 &#8211; 18:10 Sesiunea 8<br \/>\n18:10 &#8211; 18:30 Expozi\u021bia virtual\u0103 \u201eArta sudat\u0103\u201c<\/p>\n<hr \/>\n<p><strong>Programme overview<\/strong><br \/>\n<em>Thursday, 22.04.2021<\/em><br \/>\n09:30 \u2013 11:20 Opening Ceremony + Session 1<br \/>\n11:40 \u2013 13:20 Session 2<br \/>\n14:30 \u2013 16:30 Session 3<br \/>\n16:50 \u2013 19:00 Session 4<br \/>\n<em>Friday, 23.04.2021<\/em><br \/>\n09:00 &#8211; 11:00 Session 5<br \/>\n11:20 &#8211; 13:00 Session 6<br \/>\n13:00 &#8211; 14:00 Technical-commercial Session<br \/>\n15:00 \u2013 16:30 Session 7<br \/>\n16:50 &#8211; 18:10 Session 8<br \/>\n18:10 &#8211; 18:30 \u201cWelded Art\u201d Virtual Exhibition<\/p>\n<\/div><\/section><\/p><\/div>\n\n<style type=\"text\/css\" data-created_by=\"avia_inline_auto\" id=\"style-css-av-a3rar5-fe42f485a9e164b5be2e5fd1f44eddcb\">\n.flex_column.av-a3rar5-fe42f485a9e164b5be2e5fd1f44eddcb{\nborder-radius:0px 0px 0px 0px;\npadding:0px 0px 0px 0px;\n}\n<\/style>\n<div  class='flex_column av-a3rar5-fe42f485a9e164b5be2e5fd1f44eddcb av_one_third  avia-builder-el-4  el_after_av_one_third  el_before_av_one_third  flex_column_div av-zero-column-padding  column-top-margin'     ><p><section  class='av_textblock_section av-9rq4m9-414bb49bd3588e30c6eca68a814661de '   itemscope=\"itemscope\" itemtype=\"https:\/\/schema.org\/CreativeWork\" ><div class='avia_textblock'  itemprop=\"text\" ><p><strong>Comitetul de organizare<\/strong><br \/>\n&#8211; Sorin David, director executiv POWER DESK SRL Re\u0219i\u021ba, vicepre\u0219edinte ASR \u2013 pre\u0219edintele Comitetului de organizare<br \/>\n&#8211; R\u0103zvan B\u0103tr\u00eenu, director general Ductil SA Buz\u0103u, pre\u0219edinte ASR<br \/>\n&#8211; Petru Buzzi, pre\u0219edinte CCIA Cara\u0219-Severin<br \/>\n&#8211; Dorin Dehelean, director executiv ASR<br \/>\n&#8211; Gilbert-Rainer Gillich, decan Facultatea de Inginerie Re\u0219i\u021ba a UBB<br \/>\n&#8211; Cosmin Ursoniu, director general UCM Re\u0219i\u021ba<br \/>\n&#8211; Aurel V\u0103duva, director general PLASTOMET SA Re\u0219i\u021ba<br \/>\n&#8211; Marcel Bolovedea, PRODMEC SRL Re\u0219i\u021ba, pre\u0219edintele Sucursalei ASR Re\u0219i\u021ba<br \/>\n&#8211; Anamaria Feier, director tehnic ASR<br \/>\n&#8211; Johann Hrachovi, consultant tehnic PRODMEC SA Re\u0219i\u021ba<br \/>\n&#8211; Laura Vere\u0219ezan, ASR<br \/>\n<strong>Comitetul \u0219tiin\u021bific interna\u021bional<\/strong><br \/>\n&#8211; Prof. dr. Radu B\u0103ncil\u0103 \u2013 Rom\u00e2nia<br \/>\n&#8211; Prof. dr. Dieter Boehme \u2013 Germania<br \/>\n&#8211; Prof. dr. Petar Darjanov \u2013 Bulgaria<br \/>\n&#8211; Prof. dr. Dorin Dehelean \u2013 Rom\u00e2nia<br \/>\n&#8211; Dr. Janos Dobranszky \u2013 Ungaria<br \/>\n&#8211; Prof. dr. Gilbert-Rainer Gillich \u2013 Rom\u00e2nia<br \/>\n&#8211; Dr. Vencislav Grabulov \u2013 Serbia<br \/>\n&#8211; Prof. dr. Radu Iov\u0103na\u0219 \u2013 Rom\u00e2nia<br \/>\n&#8211; Ing. Sorin Keller \u2013 Elve\u021bia<br \/>\n&#8211; Prof. dr. D\u0103nu\u021b Savu \u2013 Rom\u00e2nia<br \/>\n&#8211; Prof. dr. Americo Scotti \u2013 Brazilia<br \/>\n&#8211; Prof. dr. Elena Scutelnicu \u2013 Rom\u00e2nia<br \/>\n&#8211; Prof. dr. Aleksandar Sedmak \u2013 Serbia<br \/>\n&#8211; Prof. dr. Viorel Aurel-\u0218erban \u2013 Rom\u00e2nia<br \/>\n&#8211; Ing. Chris Smallbone \u2013 Australia<\/p>\n<\/div><\/section><br \/>\n<section  class='av_textblock_section av-2gtq9-ca8b3e373bbfae42756f05bacdfe17bb '   itemscope=\"itemscope\" itemtype=\"https:\/\/schema.org\/CreativeWork\" ><div class='avia_textblock'  itemprop=\"text\" ><p><a href=\"https:\/\/asr.ro\/documents\/manifestari_stiintifice\/ASR Sudura 2021- Circulara 2.pdf?_t=1616517193\">Comitet \u0219tiin\u021bific \u0219i tehnic \u0219i programul conferin\u021bei (PDF_RO)<\/a><\/p>\n<\/div><\/section><\/p><\/div>\n<style type=\"text\/css\" data-created_by=\"avia_inline_auto\" id=\"style-css-av-5qpd35-4a7f2fcd0953c7bcddb6c2837998f7fb\">\n.flex_column.av-5qpd35-4a7f2fcd0953c7bcddb6c2837998f7fb{\nborder-radius:0px 0px 0px 0px;\npadding:0px 0px 0px 0px;\n}\n<\/style>\n<div  class='flex_column av-5qpd35-4a7f2fcd0953c7bcddb6c2837998f7fb av_one_third  avia-builder-el-7  el_after_av_one_third  avia-builder-el-last  flex_column_div av-zero-column-padding  column-top-margin'     ><p><section  class='av_textblock_section av-3ncj1t-ea95a8671a950a5dd43751b1820aa499 '   itemscope=\"itemscope\" itemtype=\"https:\/\/schema.org\/CreativeWork\" ><div class='avia_textblock'  itemprop=\"text\" ><p><strong>Organizing Committee<\/strong><br \/>\n&#8211; Sorin David, Executive Director, POWER DESK SRL Re\u0219i\u021ba, Vice-president of ASR \u2013 Chairman of the Organizing Committee<br \/>\n&#8211; R\u0103zvan B\u0103tr\u00eenu, General Manager, Ductil SA Buz\u0103u, ASR President<br \/>\n&#8211; Petru Buzzi, President, Chamber of Commerce, Industry and Agriculture Cara\u0219- Severin<br \/>\n&#8211; Dorin Dehelean, Executive Director, ASR<br \/>\n&#8211; Gilbert-Rainer Gillich, Dean, Engineering Faculty Re\u0219i\u021ba of UBB<br \/>\n&#8211; Cosmin Ursoniu, General Manager, UCM Re\u0219i\u021ba<br \/>\n&#8211; Aurel V\u0103duva, General Manager, PLASTOMET SA Re\u0219i\u021ba<br \/>\n&#8211; Marcel Bolovedea, PRODMEC SRL Re\u0219i\u021ba, Chairman ASR Re\u0219i\u021ba Branch<br \/>\n&#8211; Anamaria Feier, Technical Director, ASR<br \/>\n&#8211; Johann Hrachovy, Technical Counselor, PRODMEC SA Re\u0219i\u021ba<br \/>\n&#8211; Laura Vere\u0219ezan, ASR<br \/>\n<strong>International Scientific Committee<\/strong><br \/>\n&#8211; Prof. dr. Radu B\u0103ncil\u0103 \u2013 Romania<br \/>\n&#8211; Prof. dr. Dieter Boehme \u2013 Germany<br \/>\n&#8211; Prof. dr. Petar Darjanov \u2013 Bulgaria<br \/>\n&#8211; Prof. dr. Dorin Dehelean \u2013 Romania<br \/>\n&#8211; Dr. Janos Dobranszky \u2013 Hungary<br \/>\n&#8211; Prof. dr. Gilbert-Rainer Gillich \u2013 Romania<br \/>\n&#8211; Dr. Vencislav Grabulov \u2013 Serbia<br \/>\n&#8211; Prof. dr. Radu Iov\u0103na\u0219 \u2013 Romania<br \/>\n&#8211; Ing. Sorin Keller \u2013 Switzerland<br \/>\n&#8211; Prof. dr. Ionel D\u0103nu\u021b Savu \u2013 Rom\u00e2nia<br \/>\n&#8211; Prof. dr. Americo Scotti, FIIW \u2013 Brazil<br \/>\n&#8211; Prof. dr. Elena Scutelnicu \u2013 Romania<br \/>\n&#8211; Prof. dr. Aleksandar Sedmak \u2013 Serbia<br \/>\n&#8211; Prof. dr. Viorel Aurel-\u0218erban \u2013 Romania<br \/>\n&#8211; Ing. Chris Smallbone \u2013 Australia<\/p>\n<\/div><\/section><br \/>\n<section  class='av_textblock_section av-362qsh-9f00e4de772d4f8741c0799ba29d55bc '   itemscope=\"itemscope\" itemtype=\"https:\/\/schema.org\/CreativeWork\" ><div class='avia_textblock'  itemprop=\"text\" ><p><a href=\"https:\/\/asr.ro\/documents\/manifestari_stiintifice\/ASR Conference Welding 2021%2C Circular 2.pdf?_t=1616517193\">Organizing &amp; Scientific Commitee and programme overwiew (PDF_EN)<\/a><\/p>\n<\/div><\/section><\/p><\/div><\/p>\n","protected":false},"excerpt":{"rendered":"","protected":false},"author":1,"featured_media":0,"parent":185,"menu_order":0,"comment_status":"closed","ping_status":"closed","template":"","meta":{"footnotes":""},"class_list":["post-4257","page","type-page","status-publish","hentry"],"_links":{"self":[{"href":"https:\/\/ing.ubbcluj.ro\/index.php?rest_route=\/wp\/v2\/pages\/4257","targetHints":{"allow":["GET"]}}],"collection":[{"href":"https:\/\/ing.ubbcluj.ro\/index.php?rest_route=\/wp\/v2\/pages"}],"about":[{"href":"https:\/\/ing.ubbcluj.ro\/index.php?rest_route=\/wp\/v2\/types\/page"}],"author":[{"embeddable":true,"href":"https:\/\/ing.ubbcluj.ro\/index.php?rest_route=\/wp\/v2\/users\/1"}],"replies":[{"embeddable":true,"href":"https:\/\/ing.ubbcluj.ro\/index.php?rest_route=%2Fwp%2Fv2%2Fcomments&post=4257"}],"version-history":[{"count":5,"href":"https:\/\/ing.ubbcluj.ro\/index.php?rest_route=\/wp\/v2\/pages\/4257\/revisions"}],"predecessor-version":[{"id":4262,"href":"https:\/\/ing.ubbcluj.ro\/index.php?rest_route=\/wp\/v2\/pages\/4257\/revisions\/4262"}],"up":[{"embeddable":true,"href":"https:\/\/ing.ubbcluj.ro\/index.php?rest_route=\/wp\/v2\/pages\/185"}],"wp:attachment":[{"href":"https:\/\/ing.ubbcluj.ro\/index.php?rest_route=%2Fwp%2Fv2%2Fmedia&parent=4257"}],"curies":[{"name":"wp","href":"https:\/\/api.w.org\/{rel}","templated":true}]}}