{"id":374,"date":"2021-01-13T09:13:31","date_gmt":"2021-01-13T07:13:31","guid":{"rendered":"https:\/\/eng.ubbcluj.ro\/?page_id=374"},"modified":"2024-12-10T12:31:21","modified_gmt":"2024-12-10T10:31:21","slug":"responsabili-activitati","status":"publish","type":"page","link":"https:\/\/ing.ubbcluj.ro\/?page_id=374","title":{"rendered":"Responsabili activit\u0103\u021bi"},"content":{"rendered":"<section  class='av_textblock_section av-kk2gr1nq-a2638fbbcb273c5901877788890ebc31 '   itemscope=\"itemscope\" itemtype=\"https:\/\/schema.org\/CreativeWork\" ><div class='avia_textblock'  itemprop=\"text\" ><p><strong>Director &#8211; consilier de studii:<\/strong> conf. univ. dr. ing. Cristian-Paul CHIONCEL<\/p>\n<p><strong>Responsabil ALUMNI:<\/strong> \u0219. l. dr. ing. Vasile COJOCARU<\/p>\n<p><strong>Responsabil Comisie de Evaluare \u0219i Asigurare a Calit\u0103\u021bii (CEAC):<\/strong> \u0219. l. dr. ing. Costel-Relu CIUBOTARIU<\/p>\n<p><strong>Responsabil formare continu\u0103:<\/strong> \u0219. l. dr. ing. Elisabeta SPUNEI<\/p>\n<p><strong>Responsabil Social-media:<\/strong> prof. univ. dr. ing. Codru\u021ba-Oana HAMAT<\/p>\n<p><strong>Persoan\u0103 abilitat\u0103 pentru validarea calit\u0103\u021bii de student beneficiar al gratuit\u0103\u021bii la transport feroviar:<\/strong> conf. univ. dr. ing. Cristian-Paul CHIONCEL<\/p>\n<p><strong>Pre\u0219edinte comisia de a acordare a burselor:<\/strong> prof. univ. dr. ing. Codru\u021ba-Oana HAMAT<\/p>\n<p><strong>Coordonator Erasmus+:<\/strong> prof. univ. dr. ing. Codru\u021ba-Oana HAMAT<\/p>\n<\/div><\/section>\n","protected":false},"excerpt":{"rendered":"","protected":false},"author":1,"featured_media":0,"parent":101,"menu_order":0,"comment_status":"closed","ping_status":"closed","template":"","meta":{"footnotes":""},"class_list":["post-374","page","type-page","status-publish","hentry"],"_links":{"self":[{"href":"https:\/\/ing.ubbcluj.ro\/index.php?rest_route=\/wp\/v2\/pages\/374","targetHints":{"allow":["GET"]}}],"collection":[{"href":"https:\/\/ing.ubbcluj.ro\/index.php?rest_route=\/wp\/v2\/pages"}],"about":[{"href":"https:\/\/ing.ubbcluj.ro\/index.php?rest_route=\/wp\/v2\/types\/page"}],"author":[{"embeddable":true,"href":"https:\/\/ing.ubbcluj.ro\/index.php?rest_route=\/wp\/v2\/users\/1"}],"replies":[{"embeddable":true,"href":"https:\/\/ing.ubbcluj.ro\/index.php?rest_route=%2Fwp%2Fv2%2Fcomments&post=374"}],"version-history":[{"count":8,"href":"https:\/\/ing.ubbcluj.ro\/index.php?rest_route=\/wp\/v2\/pages\/374\/revisions"}],"predecessor-version":[{"id":7741,"href":"https:\/\/ing.ubbcluj.ro\/index.php?rest_route=\/wp\/v2\/pages\/374\/revisions\/7741"}],"up":[{"embeddable":true,"href":"https:\/\/ing.ubbcluj.ro\/index.php?rest_route=\/wp\/v2\/pages\/101"}],"wp:attachment":[{"href":"https:\/\/ing.ubbcluj.ro\/index.php?rest_route=%2Fwp%2Fv2%2Fmedia&parent=374"}],"curies":[{"name":"wp","href":"https:\/\/api.w.org\/{rel}","templated":true}]}}