{"id":2956,"date":"2021-07-01T10:59:19","date_gmt":"2021-07-01T08:59:19","guid":{"rendered":"https:\/\/eng.ubbcluj.ro\/?page_id=2956"},"modified":"2026-02-27T11:15:51","modified_gmt":"2026-02-27T09:15:51","slug":"korka","status":"publish","type":"page","link":"https:\/\/ing.ubbcluj.ro\/?page_id=2956","title":{"rendered":"Korka Zoltan-Iosif"},"content":{"rendered":"\n<style type=\"text\/css\" data-created_by=\"avia_inline_auto\" id=\"style-css-av-6m58jg-67dcd5ede9c81abfcb76adb0b0752afb\">\n.flex_column.av-6m58jg-67dcd5ede9c81abfcb76adb0b0752afb{\nborder-radius:0px 0px 0px 0px;\npadding:0px 0px 0px 0px;\n}\n<\/style>\n<div  class='flex_column av-6m58jg-67dcd5ede9c81abfcb76adb0b0752afb av_one_half  avia-builder-el-0  el_before_av_one_third  avia-builder-el-first  first flex_column_div av-zero-column-padding  '     ><section  class='av_textblock_section av-kqko9vco-19af71453b4194e1573ecceff23986c4 '   itemscope=\"itemscope\" itemtype=\"https:\/\/schema.org\/CreativeWork\" ><div class='avia_textblock'  itemprop=\"text\" ><p><b>Conf. univ. dr. ing. abil. Zoltan Iosif Korka<\/b><\/p>\n<p><a title=\"Atestat\" href=\"https:\/\/eng.ubbcluj.ro\/wp-content\/uploads\/sdi\/Atestat_Korka.pdf\">Atestat abilitare<\/a><\/p>\n<p><a href=\"https:\/\/eng.ubbcluj.ro\/wp-content\/uploads\/sdi\/CV_Korka.pdf\">Curriculum Vitae<\/a><\/p>\n<\/div><\/section><\/div>\n\n<style type=\"text\/css\" data-created_by=\"avia_inline_auto\" id=\"style-css-av-463nlo-16229bd6fdce0685dd5090295d57cf9b\">\n.flex_column.av-463nlo-16229bd6fdce0685dd5090295d57cf9b{\nborder-radius:0px 0px 0px 0px;\npadding:0px 0px 0px 0px;\n}\n<\/style>\n<div  class='flex_column av-463nlo-16229bd6fdce0685dd5090295d57cf9b av_one_third  avia-builder-el-2  el_after_av_one_half  el_before_av_hr  flex_column_div av-zero-column-padding  '     ><section  class='av_textblock_section av-kqkod64j-784ebf8da4970809c614762c83aa5f10 '   itemscope=\"itemscope\" itemtype=\"https:\/\/schema.org\/CreativeWork\" ><div class='avia_textblock'  itemprop=\"text\" ><p><img loading=\"lazy\" decoding=\"async\" class=\"size-full wp-image-2913 alignleft\" src=\"..\/wp-content\/uploads\/sdi\/Korka.jpg\" alt=\"\" width=\"125\" height=\"153\" \/><\/p>\n<p style=\"text-align: right;\"><a href=\"https:\/\/eng.ubbcluj.ro\/?page_id=167#toggle-id-8\">Pagina personal\u0103<\/a><\/p>\n<\/div><\/section><\/div>\n<div  class='hr av-2q4iho-4eb1b7a56f089aeaa12cf4f977b382f6 hr-default  avia-builder-el-4  el_after_av_one_third  el_before_av_textblock '><span class='hr-inner '><span class=\"hr-inner-style\"><\/span><\/span><\/div>\n<section  class='av_textblock_section av-kqkoeyrs-248bfe2a88785570f9538af0ed61d9ba '   itemscope=\"itemscope\" itemtype=\"https:\/\/schema.org\/CreativeWork\" ><div class='avia_textblock'  itemprop=\"text\" ><p><strong>Situa\u021bia studen\u021bilor doctoranzi<\/strong><\/p>\n<\/div><\/section>\n<section  class='av_textblock_section av-kqko8b5x-f874ab3a72c62cbfec6a19fae916b639 '   itemscope=\"itemscope\" itemtype=\"https:\/\/schema.org\/CreativeWork\" ><div class='avia_textblock'  itemprop=\"text\" ><table width=\"661\">\n<tbody>\n<tr>\n<td width=\"84\"><strong>Anul \u00eenmatricul\u0103rii<\/strong><\/td>\n<td width=\"357\"><strong>Numele \u015fi prenumele studentului-doctorand<\/strong><\/p>\n<p><strong>Forma de \u00eenv\u0103\u021b\u0103m\u00e2nt<br \/>\n<em>Titlul tezei de doctorat<\/em><\/strong><\/td>\n<td width=\"220\"><strong>Stadiul<\/strong><\/td>\n<\/tr>\n<tr>\n<td rowspan=\"2\" width=\"84\"><strong>2016<\/strong><\/td>\n<td width=\"357\"><strong>Clavac Bogdan-Mihai <sup>2<\/sup><\/strong><\/p>\n<p><em>Contribu\u021bii privind studiul randamentului transmisiilor cu ro\u021bi din\u021bate<\/em><\/td>\n<td width=\"220\">Exmatriculat cf. dispozi\u021biei 1930\/19.09.2019<\/td>\n<\/tr>\n<tr>\n<td width=\"357\"><strong>Filip Lidia <sup>2<\/sup><\/strong><\/p>\n<p><em>Cercet\u0103ri privind rezisten\u021ba la uzur\u0103 a depunerilor superficiale de dispersii fluoropolimerice aplicate flancurilor ro\u021bilor din\u021bate<\/em><\/td>\n<td width=\"220\">Exmatriculat cf. dispozi\u021biei 1732\/29.09.2020<\/td>\n<\/tr>\n<tr>\n<td rowspan=\"2\" width=\"84\"><strong>2017<\/strong><\/td>\n<td width=\"357\"><strong>Bloju\u00a0 Virgil-Alin <sup>2<\/sup><\/strong><\/p>\n<p><em>Contribu\u021bii la identificarea defectelor din reductoarele cu ro\u021bi din\u021bate utiliz\u00e2nd vibrodiagnoza<\/em><\/td>\n<td width=\"220\">Exmatriculat cf. dispozi\u021biei 2293\/12.10.2017<\/td>\n<\/tr>\n<tr>\n<td width=\"357\"><strong>Ger\u00f6cs Attila <sup>3, 4 <\/sup><\/strong><\/p>\n<p><em>Contribu\u0163ii la investigarea dispozitivelor de transformare a mi\u015fc\u0103rii de rota\u0163ie \u00een mi\u015fcare liniar\u0103 unidirec\u0163ional\u0103<\/em><\/td>\n<td width=\"220\"><a href=\"http:\/\/vechi.uem.ro\/index.php?id=1576&amp;L=40\">Tez\u0103 sus\u0163inut\u0103 \u00een 23.09.2020<\/a><br \/>\nTitlul de Doctor acordat &#8211;<br \/>\n<a href=\"http:\/\/vechi.uem.ro\/fileadmin\/3_ACADEMICA\/1_FACULTATI\/Scoala_doctorala\/OM_3356.pdf\">OM 6245\/21.12.2020<\/a><\/td>\n<\/tr>\n<tr>\n<td width=\"84\"><strong>2018<\/strong><\/td>\n<td width=\"357\"><strong>Bloju Alin Virgil <sup>2<\/sup><\/strong><br \/>\n<em>Contribu\u0163ii la vibrodiagnoza transmisiilor prin ro\u0163i din\u0163ate<\/em><\/td>\n<td width=\"220\">Exmatriculat cf. Deciziei Rectorului<\/p>\n<p>Nr. 14298 \/ 15.09.2025<\/td>\n<\/tr>\n<tr>\n<td width=\"84\"><strong>2019<\/strong><\/td>\n<td width=\"357\"><strong>Sfetcu (c\u0103s. Coand\u0103) Camelia-Rodica <sup>2<\/sup><\/strong><\/p>\n<p><em>Contribu\u021bii la investigarea indicatorilor de defect utiliza\u021bi \u00een vibrodiagnoza transmisiilor cu ro\u021bi din\u021bate<\/em><\/td>\n<td width=\"220\">Proiectul de cercetare \u0219tiin\u021bific\u0103 \u2013 sus\u021binut<\/p>\n<p>Raport de cercetare I \u2013 sus\u021binut<\/p>\n<p>Raport de cercetare II \u2013 sus\u021binut<\/p>\n<p>Legea nr. 49 \/ 2013 \u2013 am\u00e2narea sus\u021binerii tezei de doctorat<\/td>\n<\/tr>\n<tr>\n<td width=\"84\"><strong>2020<\/strong><\/td>\n<td width=\"357\"><strong>Timofte Stelic\u0103 <sup>3<\/sup><\/strong><\/p>\n<p><em>Contribu\u021bii la cercetarea mecanismelor iner\u021biale cu traiectorie liniar\u0103<\/em><\/td>\n<td width=\"220\"><a href=\"http:\/\/vechi.uem.ro\/index.php?id=1576&amp;L=40\">Tez\u0103 sus\u0163inut\u0103 \u00een 16.09.2025<\/a><\/td>\n<\/tr>\n<tr>\n<td rowspan=\"2\" width=\"84\"><strong>2021<\/strong><\/td>\n<td width=\"357\"><strong>Hrimiuc Corneliu-Constantin<\/strong>\u00a0<strong><sup>1<\/sup><\/strong><br \/>\n<em>Cercet\u0103ri privind randamentul angrenajelor de trac\u0163iune pentru atacurile de osie de la vehiculele feroviare motoare<\/em><\/td>\n<td width=\"220\">Proiectul de cercetare \u0219tiin\u021bific\u0103 \u2013 sus\u021binut<\/p>\n<p>Raport de cercetare I \u2013 sus\u021binut<\/p>\n<p>Raport de cercetare II \u2013 sus\u021binut<\/p>\n<p>Prelungire f\u0103r\u0103 tax\u0103<\/td>\n<\/tr>\n<tr>\n<td width=\"357\"><strong>Tr\u0103istaru (c\u0103s. Rancu) Elena-Dalina<\/strong><strong>\u00a0<sup>3<\/sup><\/strong><br \/>\n<em>Contribu\u0163ii la identificarea defectelor din rulmen\u0163i prin analiza vibra\u0163iilor<\/em><\/td>\n<td width=\"220\">Proiectul de cercetare \u0219tiin\u021bific\u0103 \u2013 sus\u021binut<\/p>\n<p>Raport de cercetare I \u2013 sus\u021binut<\/p>\n<p>Raport de cercetare II \u2013 sus\u021binut<\/p>\n<p>Prelungire f\u0103r\u0103 tax\u0103<\/td>\n<\/tr>\n<tr>\n<td rowspan=\"2\" width=\"84\"><strong>2022<\/strong><\/td>\n<td width=\"357\"><strong>Pau T. Tiberiu-Daniel <sup>1<\/sup><\/strong><\/p>\n<p><strong>\u00cembun\u0103t\u0103\u021birea caracteristicilor de func\u021bionare ale reductoarelor cu roti din\u021bate<\/strong><\/td>\n<td width=\"220\">Proiectul de cercetare \u0219tiin\u021bific\u0103 \u2013 sus\u021binut<\/p>\n<p>Raport de cercetare I \u2013 sus\u021binut<\/p>\n<p>Raport de cercetare II \u2013 sus\u021binut<\/p>\n<p>Prelungire f\u0103r\u0103 tax\u0103<\/td>\n<\/tr>\n<tr>\n<td width=\"357\"><strong>St\u0103niloiu I. Nicolae <sup>3<\/sup><\/strong><\/p>\n<p><strong>Contribu\u021bii la calculul caracteristicilor statice ale structurilor de configura\u021bie complex\u0103 prin metode matematice moderne<\/strong><\/td>\n<td width=\"220\">Proiectul de cercetare \u0219tiin\u021bific\u0103 \u2013 sus\u021binut<\/p>\n<p>Raport de cercetare I \u2013 sus\u021binut<\/p>\n<p>Raport de cercetare II \u2013 sus\u021binut<\/p>\n<p>Prelungire f\u0103r\u0103 tax\u0103<\/td>\n<\/tr>\n<tr>\n<td rowspan=\"4\" width=\"84\"><strong>2023<\/strong><\/td>\n<td width=\"357\"><strong>Fran\u021b S.L. Mark-Adrian <sup>1<\/sup><\/strong><\/p>\n<p><strong>Contribu\u021bii la cercetarea analitic\u0103, numeric\u0103 \u0219i experimental\u0103 a unui mecanism iner\u021bial de generare a mi\u0219c\u0103rii liniare unidirec\u021bionale<\/strong><\/td>\n<td width=\"220\">Proiectul de cercetare \u0219tiin\u021bific\u0103 \u2013 sus\u021binut<\/p>\n<p>Raport de cercetare I \u2013 sus\u021binut<\/td>\n<\/tr>\n<tr>\n<td width=\"357\"><strong>Magda J. Mihael <sup>3<\/sup><\/strong><\/p>\n<p><strong>Cercet\u0103ri privind comportamentul dinamic al ro\u021bilor din\u021bate ob\u021binute prin tehnologii de fabrica\u021bie aditiv\u0103<\/strong><\/td>\n<td width=\"220\">Proiectul de cercetare \u0219tiin\u021bific\u0103 \u2013 sus\u021binut<\/p>\n<p>Raport de cercetare I \u2013 sus\u021binut<\/td>\n<\/tr>\n<tr>\n<td width=\"357\"><strong>Nine (Anton) N. Cristina<sup> 1<\/sup><\/strong><\/p>\n<p><strong>Contribu\u021bii la identificarea defectelor la arborii ma\u0219inilor rotative<\/strong><\/td>\n<td width=\"220\">Proiectul de cercetare \u0219tiin\u021bific\u0103 \u2013 sus\u021binut<\/p>\n<p>Raport de cercetare I \u2013 sus\u021binut<\/td>\n<\/tr>\n<tr>\n<td width=\"357\"><strong>Radu A. Ovidiu-Lucian<sup> 1<\/sup><\/strong><\/p>\n<p><strong>Cercet\u0103ri privind precizia ro\u021bilor din\u021bate ob\u021binute prin fabrica\u021bie aditiv\u0103<\/strong><\/td>\n<td width=\"220\">Proiectul de cercetare \u0219tiin\u021bific\u0103 \u2013 sus\u021binut<\/p>\n<p>Raport de cercetare I \u2013 sus\u021binut<\/td>\n<\/tr>\n<tr>\n<td width=\"84\"><strong>2024<\/strong><\/td>\n<td width=\"357\"><strong>Turiac M.R. Raul-Rusalin <sup>3<\/sup><\/strong><\/p>\n<p><strong>Cercet\u0103ri privind rezisten\u021ba la uzare a ro\u021bilor din\u021bate ob\u021binute prin fabrica\u021bie aditiv\u0103<\/strong><\/td>\n<td width=\"220\">Proiectul de cercetare \u0219tiin\u021bific\u0103 \u2013 sus\u021binut<\/td>\n<\/tr>\n<\/tbody>\n<\/table>\n<p><sup>1<\/sup> cu frecven\u021b\u0103, f\u0103r\u0103 burs\u0103<\/p>\n<p><sup>2<\/sup> cu frecven\u021b\u0103 redus\u0103, f\u0103r\u0103 burs\u0103<\/p>\n<p><sup>3<\/sup> cu frecven\u021b\u0103, cu burs\u0103<\/p>\n<p><sup>4<\/sup> \u00een cotutel\u0103 cu prof. univ. dr. ing. Istfan Biro de la Universitatea din Szeged, Ungaria<\/p>\n<\/div><\/section>\n","protected":false},"excerpt":{"rendered":"","protected":false},"author":1,"featured_media":0,"parent":405,"menu_order":0,"comment_status":"closed","ping_status":"closed","template":"","meta":{"footnotes":""},"class_list":["post-2956","page","type-page","status-publish","hentry"],"_links":{"self":[{"href":"https:\/\/ing.ubbcluj.ro\/index.php?rest_route=\/wp\/v2\/pages\/2956","targetHints":{"allow":["GET"]}}],"collection":[{"href":"https:\/\/ing.ubbcluj.ro\/index.php?rest_route=\/wp\/v2\/pages"}],"about":[{"href":"https:\/\/ing.ubbcluj.ro\/index.php?rest_route=\/wp\/v2\/types\/page"}],"author":[{"embeddable":true,"href":"https:\/\/ing.ubbcluj.ro\/index.php?rest_route=\/wp\/v2\/users\/1"}],"replies":[{"embeddable":true,"href":"https:\/\/ing.ubbcluj.ro\/index.php?rest_route=%2Fwp%2Fv2%2Fcomments&post=2956"}],"version-history":[{"count":30,"href":"https:\/\/ing.ubbcluj.ro\/index.php?rest_route=\/wp\/v2\/pages\/2956\/revisions"}],"predecessor-version":[{"id":10445,"href":"https:\/\/ing.ubbcluj.ro\/index.php?rest_route=\/wp\/v2\/pages\/2956\/revisions\/10445"}],"up":[{"embeddable":true,"href":"https:\/\/ing.ubbcluj.ro\/index.php?rest_route=\/wp\/v2\/pages\/405"}],"wp:attachment":[{"href":"https:\/\/ing.ubbcluj.ro\/index.php?rest_route=%2Fwp%2Fv2%2Fmedia&parent=2956"}],"curies":[{"name":"wp","href":"https:\/\/api.w.org\/{rel}","templated":true}]}}