{"id":2945,"date":"2021-07-01T10:34:02","date_gmt":"2021-07-01T08:34:02","guid":{"rendered":"https:\/\/eng.ubbcluj.ro\/?page_id=2945"},"modified":"2026-04-09T10:24:47","modified_gmt":"2026-04-09T07:24:47","slug":"nedelcu","status":"publish","type":"page","link":"https:\/\/ing.ubbcluj.ro\/?page_id=2945","title":{"rendered":"Nedelcu Dorian"},"content":{"rendered":"\n<style type=\"text\/css\" data-created_by=\"avia_inline_auto\" id=\"style-css-av-5h799d-1eadc56304dd11540607618cb127b01a\">\n.flex_column.av-5h799d-1eadc56304dd11540607618cb127b01a{\nborder-radius:0px 0px 0px 0px;\npadding:0px 0px 0px 0px;\n}\n<\/style>\n<div  class='flex_column av-5h799d-1eadc56304dd11540607618cb127b01a av_one_half  avia-builder-el-0  el_before_av_one_third  avia-builder-el-first  first flex_column_div av-zero-column-padding  '     ><section  class='av_textblock_section av-kqknf5ye-c90430efd3801a7d89653f2847afafae '   itemscope=\"itemscope\" itemtype=\"https:\/\/schema.org\/CreativeWork\" ><div class='avia_textblock'  itemprop=\"text\" ><p><b>Prof. univ. dr. ing. Dorian Nedelcu<\/b><\/p>\n<p><a class=\"download\" title=\"Initiates file download\" href=\"https:\/\/eng.ubbcluj.ro\/wp-content\/uploads\/sdi\/O.M._ND.pdf\">Ordinul MEC de numire conduc\u0103tor de doctorat<\/a><\/p>\n<p><a href=\"https:\/\/eng.ubbcluj.ro\/wp-content\/uploads\/sdi\/CV_Nedelcu.pdf\">Curriculum Vitae<\/a><\/p>\n<\/div><\/section><\/div>\n\n<style type=\"text\/css\" data-created_by=\"avia_inline_auto\" id=\"style-css-av-dtqxt-113a449620cc1f219123e977e3bf60a2\">\n.flex_column.av-dtqxt-113a449620cc1f219123e977e3bf60a2{\nborder-radius:0px 0px 0px 0px;\npadding:0px 0px 0px 0px;\n}\n<\/style>\n<div  class='flex_column av-dtqxt-113a449620cc1f219123e977e3bf60a2 av_one_third  avia-builder-el-2  el_after_av_one_half  el_before_av_hr  flex_column_div av-zero-column-padding  '     ><section  class='av_textblock_section av-kqknf5ye-2-8acb163c050f63e14746a33a55cba5c6 '   itemscope=\"itemscope\" itemtype=\"https:\/\/schema.org\/CreativeWork\" ><div class='avia_textblock'  itemprop=\"text\" ><p><img loading=\"lazy\" decoding=\"async\" class=\"size-full wp-image-2913 alignleft\" style=\"float: left;\" src=\"..\/wp-content\/uploads\/sdi\/Nedelcu.jpg\" alt=\"\" width=\"150\" height=\"150\" \/><\/p>\n<p style=\"text-align: right;\"><a href=\"https:\/\/eng.ubbcluj.ro\/?page_id=167#toggle-id-5\">Pagina personal\u0103<\/a><\/p>\n<\/div><\/section><\/div>\n<div  class='hr av-8tpgh-07de0f00c8d4e67deed93116eda67ec5 hr-default  avia-builder-el-4  el_after_av_one_third  el_before_av_textblock '><span class='hr-inner '><span class=\"hr-inner-style\"><\/span><\/span><\/div>\n<section  class='av_textblock_section av-kqkndyuc-9ea55316098d063aab50686e45de0e03 '   itemscope=\"itemscope\" itemtype=\"https:\/\/schema.org\/CreativeWork\" ><div class='avia_textblock'  itemprop=\"text\" ><p><b>Situa\u021bia studen\u021bilor doctoranzi<\/b><\/p>\n<\/div><\/section>\n<section  class='av_textblock_section av-kqknckq0-ae3d22baa6013d6780a43d95f55d2794 '   itemscope=\"itemscope\" itemtype=\"https:\/\/schema.org\/CreativeWork\" ><div class='avia_textblock'  itemprop=\"text\" ><table width=\"642\">\n<tbody>\n<tr>\n<td width=\"123\"><strong>Anul \u00eenmatricul\u0103rii<\/strong><\/td>\n<td width=\"358\"><strong>Numele \u015fi prenumele doctorandului<br \/>\n<\/strong><em>Titlul tezei de doctorat<\/em><\/td>\n<td width=\"161\"><strong>Stadiul<\/strong><\/td>\n<\/tr>\n<tr>\n<td rowspan=\"3\" width=\"123\"><strong>2009<\/strong><\/td>\n<td width=\"358\"><strong>Rujici (Ianici) Draghi\u0163a<\/strong>\u00a0<sup>3<\/sup><strong><sup><br \/>\n<\/sup><\/strong><a href=\"https:\/\/ing.ubbcluj.ro\/wp-content\/uploads\/sdi\/teze\/RUJICI\"><em>Contribu\u0163ii la perfec\u0163ionarea constructiv-func\u0163ional\u0103 a transmisiilor armonice din\u0163ate duble<\/em><\/a><\/td>\n<td width=\"161\">Tez\u0103 sus\u0163inut\u0103 \u00een 02.11.2012<br \/>\nTitlul de Doctor acordat &#8211;<br \/>\nOM nr. 3250 MD\/20.02.2013<\/td>\n<\/tr>\n<tr>\n<td width=\"358\"><strong>Nedeloni Marian-Dumitru<\/strong>\u00a0<sup>3<strong><br \/>\n<\/strong><\/sup><a href=\"https:\/\/ing.ubbcluj.ro\/wp-content\/uploads\/sdi\/teze\/nedeloni.pdf\"><em>Cercet\u0103ri privind eroziunea cavita\u0163ional\u0103 pe materiale utilizate la fabrica\u0163ia componentelor de turbine hidraulice<\/em><\/a><\/td>\n<td width=\"161\">Tez\u0103 sus\u0163inut\u0103 \u00een 18.12.2012<br \/>\nTitlul de Doctor acordat &#8211;<br \/>\nOM nr. 3250 MD\/20.02.2013<\/td>\n<\/tr>\n<tr>\n<td width=\"358\"><strong>Daia Daniel<\/strong>\u00a0<sup>3<strong><br \/>\n<\/strong><\/sup><a href=\"https:\/\/ing.ubbcluj.ro\/wp-content\/uploads\/sdi\/teze\/daia.pdf\"><em>Contribu\u0163ii teoretice \u015fi experimentale la studiul \u015fi proiectarea camerei spirale, statorul \u015fi aparatul director din componen\u0163a turbinelor hidraulice\u00a0<\/em><\/a><\/td>\n<td width=\"161\">Tez\u0103 sus\u0163inut\u0103 \u00een 27.03.2013<br \/>\nTitlul de Doctor acordat &#8211;<br \/>\nOM nr. 3930 MD\/20.06.2013<\/td>\n<\/tr>\n<tr>\n<td rowspan=\"3\"><strong>2010<\/strong><\/td>\n<td width=\"358\"><strong>Pop Florentin<\/strong><\/td>\n<td width=\"161\">Exmatriculat<\/td>\n<\/tr>\n<tr>\n<td width=\"358\"><strong>Florea D\u0103nu\u0163<\/strong>\u00a0<sup>3<\/sup><strong><sup><br \/>\n<\/sup><\/strong><a href=\"https:\/\/ing.ubbcluj.ro\/wp-content\/uploads\/sdi\/teze\/florea.pdf\"><em>Cercet\u0103ri teoretice \u015fi experimentale pe o\u00a0miicroturbin\u0103\u00a0axial-tubular\u0103 echipat\u0103 cu generator imersat cu magne\u0163i permanen\u0163i\u00a0<\/em><\/a>(extras)<\/td>\n<td width=\"161\">Tez\u0103 sus\u0163inut\u0103 \u00een 29.11.2013<br \/>\nTitlul de Doctor acordat &#8211;<br \/>\nOM nr. 20\/21.01.2014<\/td>\n<\/tr>\n<tr>\n<td width=\"358\"><strong>Avasiloaie Raoul-Cristian<\/strong>\u00a0<sup>3<\/sup><strong><sup><br \/>\n<\/sup><\/strong><a href=\"https:\/\/ing.ubbcluj.ro\/wp-content\/uploads\/sdi\/teze\/avasiloaie.pdf\"><em>Contribu\u0163ii teoretice \u015fi experimentale privind microturbine de \u00eenalt\u0103 c\u0103dere \u015fi debite mici\u00a0<\/em><\/a>(extras)<\/td>\n<td width=\"161\">Tez\u0103 sus\u0163inut\u0103 \u00een 29.11.2013<br \/>\nTitlul de Doctor acordat &#8211;<br \/>\nOM nr. 20\/21.01.2014<\/td>\n<\/tr>\n<tr>\n<td width=\"123\"><strong>2011<\/strong><\/td>\n<td width=\"358\"><strong>Biz\u0103u Viorel\u00a0Ionu\u0163<\/strong>\u00a0<sup>5<\/sup><br \/>\n<a href=\"https:\/\/ing.ubbcluj.ro\/wp-content\/uploads\/sdi\/teze\/bizau.pdf\"><em>Cercet\u0103ri privind construc\u0163ia \u015fi func\u0163ionarea transmisiilor armonice av\u00e2nd generatorul de unde cu elemente din aliaje cu memoria formei.<\/em><\/a><\/td>\n<td width=\"161\">Tez\u0103 sus\u0163inut\u0103 \u00een 30.09.2014<br \/>\nTitlul de Doctor acordat &#8211;<br \/>\nOM nr. 694\/10.12.2014<\/td>\n<\/tr>\n<tr>\n<td rowspan=\"2\" width=\"123\"><strong>2012<\/strong><\/td>\n<td width=\"358\"><strong>Peri\u015f Bendu Florin<\/strong>\u00a0<sup>3, 6<\/sup><br \/>\n<a href=\"https:\/\/ing.ubbcluj.ro\/wp-content\/uploads\/sdi\/teze\/peris.pdf\"><em>Cercet\u0103ri privind optimizarea formei discului biplan al vanelor fluture lu\u00e2nd \u00een considerare pierderile hidraulice\u00a0<\/em><\/a><em>(rezumat)<\/em><\/td>\n<td width=\"161\">Tez\u0103 sus\u0163inut\u0103 \u00een 24.09.2015<br \/>\nTitlul de Doctor acordat &#8211;<br \/>\nOM nr. 5954\/07.12.2015<\/td>\n<\/tr>\n<tr>\n<td width=\"358\"><strong>Ghican Adelina<\/strong>\u00a0<sup>3,6<\/sup><strong><sup><br \/>\n<\/sup><\/strong><a href=\"https:\/\/ing.ubbcluj.ro\/wp-content\/uploads\/sdi\/teze\/ghican.pdf\"><em>Contribu\u0163ii privind perfec\u0163ionarea metodelor de m\u0103surare experimental\u0103 \u015fi prelucrarea rezultatelor \u00een standul de \u00eencerc\u0103ri modele turbine hidraulice\u00a0<\/em><\/a><em>(rezumat)<\/em><\/td>\n<td width=\"161\">Tez\u0103 sus\u0163inut\u0103 \u00een 24.09.2015<br \/>\nTitlul de Doctor acordat &#8211;<br \/>\nOM nr. 5954\/07.12.2015<\/td>\n<\/tr>\n<tr>\n<td width=\"123\"><strong>2013<\/strong><\/td>\n<td width=\"358\"><strong>B\u0103ra Aurel <\/strong><sup>1<\/sup><br \/>\n<a href=\"https:\/\/ing.ubbcluj.ro\/wp-content\/uploads\/sdi\/teze\/bara.pdf\"><em>Cercet\u0103ri privind comportamentul angrenajelor pretensionate ale multiplicatoarelor de tura\u021bie<\/em><\/a><\/td>\n<td width=\"161\">Tez\u0103 sus\u0163inut\u0103 \u00een 13.07.2018<br \/>\nTitlul de Doctor acordat &#8211;<br \/>\nOM nr. 5474\/14.11.2018<\/td>\n<\/tr>\n<tr>\n<td width=\"123\"><strong>2014<\/strong><\/td>\n<td width=\"358\"><strong>Pellac Adrian<\/strong><sup> 1<\/sup><\/td>\n<td width=\"161\">Exmatriculat cf. dispozi\u021biei<\/p>\n<p>1218 \/ 20.06.2018<\/td>\n<\/tr>\n<tr>\n<td width=\"123\"><strong>2015<\/strong><\/td>\n<td width=\"358\"><strong>Bogdan Sorin-Lauren\u0163iu <\/strong><sup>4<\/sup><br \/>\n<a href=\"https:\/\/ing.ubbcluj.ro\/wp-content\/uploads\/sdi\/teze\/bogdan.pdf\"><em>Aplicarea ingineriei inverse la reconstituirea geometriei componentelor profilate ale turbinelor hidraulice<\/em><\/a><\/td>\n<td width=\"161\">Tez\u0103 sus\u021binut\u0103<br \/>\n\u00een 22.07.2019<br \/>\nTitlul de Doctor acordat &#8211;<br \/>\nOM nr. \u00a05308\/20.11.2019<\/td>\n<\/tr>\n<\/tbody>\n<\/table>\n<p><sup>1<\/sup> cu frecven\u021b\u0103, f\u0103r\u0103 burs\u0103<br \/>\n<sup>2<\/sup> cu frecven\u021b\u0103 redus\u0103<br \/>\n<sup>3<\/sup>\u00a0cu frecven\u021b\u0103, cu burs\u0103 POS-DRU<br \/>\n<sup>4<\/sup> cu frecven\u021b\u0103, cu burs\u0103 ME<br \/>\n<sup>5<\/sup>\u00a0\u00een cotutel\u0103 cu prof. univ. dr. ing. Vela Ion<br \/>\n<sup>6<\/sup>\u00a0\u00een cotutel\u0103 cu prof. univ. dr. ing. C\u00e2mpian Viorel<\/p>\n<\/div><\/section>\n","protected":false},"excerpt":{"rendered":"","protected":false},"author":1,"featured_media":0,"parent":405,"menu_order":0,"comment_status":"closed","ping_status":"closed","template":"","meta":{"footnotes":""},"class_list":["post-2945","page","type-page","status-publish","hentry"],"_links":{"self":[{"href":"https:\/\/ing.ubbcluj.ro\/index.php?rest_route=\/wp\/v2\/pages\/2945","targetHints":{"allow":["GET"]}}],"collection":[{"href":"https:\/\/ing.ubbcluj.ro\/index.php?rest_route=\/wp\/v2\/pages"}],"about":[{"href":"https:\/\/ing.ubbcluj.ro\/index.php?rest_route=\/wp\/v2\/types\/page"}],"author":[{"embeddable":true,"href":"https:\/\/ing.ubbcluj.ro\/index.php?rest_route=\/wp\/v2\/users\/1"}],"replies":[{"embeddable":true,"href":"https:\/\/ing.ubbcluj.ro\/index.php?rest_route=%2Fwp%2Fv2%2Fcomments&post=2945"}],"version-history":[{"count":22,"href":"https:\/\/ing.ubbcluj.ro\/index.php?rest_route=\/wp\/v2\/pages\/2945\/revisions"}],"predecessor-version":[{"id":10700,"href":"https:\/\/ing.ubbcluj.ro\/index.php?rest_route=\/wp\/v2\/pages\/2945\/revisions\/10700"}],"up":[{"embeddable":true,"href":"https:\/\/ing.ubbcluj.ro\/index.php?rest_route=\/wp\/v2\/pages\/405"}],"wp:attachment":[{"href":"https:\/\/ing.ubbcluj.ro\/index.php?rest_route=%2Fwp%2Fv2%2Fmedia&parent=2945"}],"curies":[{"name":"wp","href":"https:\/\/api.w.org\/{rel}","templated":true}]}}