{"id":2934,"date":"2021-07-01T09:52:51","date_gmt":"2021-07-01T07:52:51","guid":{"rendered":"https:\/\/eng.ubbcluj.ro\/?page_id=2934"},"modified":"2026-04-09T10:30:10","modified_gmt":"2026-04-09T07:30:10","slug":"gillich","status":"publish","type":"page","link":"https:\/\/ing.ubbcluj.ro\/?page_id=2934","title":{"rendered":"Gillich Gilbert-Rainer"},"content":{"rendered":"\n<style type=\"text\/css\" data-created_by=\"avia_inline_auto\" id=\"style-css-av-9n5x3q-806788b3a0ef2fba22bf82fae20aed49\">\n.flex_column.av-9n5x3q-806788b3a0ef2fba22bf82fae20aed49{\nborder-radius:0px 0px 0px 0px;\npadding:0px 0px 0px 0px;\n}\n<\/style>\n<div  class='flex_column av-9n5x3q-806788b3a0ef2fba22bf82fae20aed49 av_one_half  avia-builder-el-0  el_before_av_one_third  avia-builder-el-first  first flex_column_div av-zero-column-padding  '     ><section  class='av_textblock_section av-kqkm1g5u-b1e0da7f9c0ca629919e5375ed43e870 '   itemscope=\"itemscope\" itemtype=\"https:\/\/schema.org\/CreativeWork\" ><div class='avia_textblock'  itemprop=\"text\" ><p><b>Prof. univ. dr. ing., ec. Gilbert-Rainer Gillich<\/b><\/p>\n<p><a class=\"download\" title=\"OM\" href=\"https:\/\/ing.ubbcluj.ro\/wp-content\/uploads\/sdi\/O.M._GRG.pdf\">Ordinul MEC de numire conduc\u0103tor de doctorat<\/a><\/p>\n<p><a href=\"https:\/\/ing.ubbcluj.ro\/wp-content\/uploads\/sdi\/CV_Gillich.pdf\">Curriculum Vitae<\/a><\/p>\n<\/div><\/section><\/div>\n\n<style type=\"text\/css\" data-created_by=\"avia_inline_auto\" id=\"style-css-av-7084za-30750c65234d6a55911f82cc5408c58d\">\n.flex_column.av-7084za-30750c65234d6a55911f82cc5408c58d{\nborder-radius:0px 0px 0px 0px;\npadding:0px 0px 0px 0px;\n}\n<\/style>\n<div  class='flex_column av-7084za-30750c65234d6a55911f82cc5408c58d av_one_third  avia-builder-el-2  el_after_av_one_half  el_before_av_hr  flex_column_div av-zero-column-padding  '     ><section  class='av_textblock_section av-59ymja-7819016b1232ea35a6128d0e0c67b742 '   itemscope=\"itemscope\" itemtype=\"https:\/\/schema.org\/CreativeWork\" ><div class='avia_textblock'  itemprop=\"text\" ><p><img loading=\"lazy\" decoding=\"async\" class=\"size-full wp-image-2913 alignleft\" src=\"..\/wp-content\/uploads\/sdi\/Gillich.jpg\" alt=\"\" width=\"120\" height=\"150\" \/><\/p>\n<\/div><\/section><\/div>\n<div  class='hr av-422c3q-bc7cbdfdf9b4475712290dc71d1d93de hr-default  avia-builder-el-4  el_after_av_one_third  el_before_av_textblock '><span class='hr-inner '><span class=\"hr-inner-style\"><\/span><\/span><\/div>\n<section  class='av_textblock_section av-kqkm53o5-a7966c42a2ea4baf814721cfac67284f '   itemscope=\"itemscope\" itemtype=\"https:\/\/schema.org\/CreativeWork\" ><div class='avia_textblock'  itemprop=\"text\" ><p><strong>Situa\u021bia studen\u021bilor doctoranzi<\/strong><\/p>\n<\/div><\/section>\n<section  class='av_textblock_section av-m3sd9xfe-94799b2ff98c8929b2b1be64932d3cfe '   itemscope=\"itemscope\" itemtype=\"https:\/\/schema.org\/CreativeWork\" ><div class='avia_textblock'  itemprop=\"text\" ><table width=\"665\">\n<tbody>\n<tr>\n<td width=\"85\"><strong>Anul \u00eenmatricul\u0103rii<\/strong><\/td>\n<td width=\"352\"><strong>Numele \u015fi prenumele studentului-doctorand<\/strong><\/p>\n<p><strong>Forma de \u00eenv\u0103\u021b\u0103m\u00e2nt<br \/>\n<em>Titlul tezei de doctorat<\/em><\/strong><\/td>\n<td width=\"227\"><strong>Stadiul<\/strong><\/td>\n<\/tr>\n<tr>\n<td width=\"85\"><strong>2007<\/strong><\/td>\n<td width=\"352\"><strong>Sgaverdea Elena Daniela<\/strong>\u00a0<strong><sup>1<\/sup><\/strong><br \/>\n<a href=\"https:\/\/ing.ubbcluj.ro\/wp-content\/uploads\/sdi\/teze\/sgaverdea.pdf\">Contribu\u0163ii privind detectarea defectelor elementelor de rezistenta prin metode vibrometrice<\/a><\/td>\n<td width=\"227\">Tez\u0103 sus\u0163inut\u0103 \u00een 30.03.2015<br \/>\nTitlul de Doctor acordat &#8211;<br \/>\nOM 3869\/19.05.2015<\/td>\n<\/tr>\n<tr>\n<td rowspan=\"2\" width=\"85\"><strong>2008<\/strong><\/td>\n<td width=\"352\"><strong>Iancu Vasile<\/strong>\u00a0<strong><sup>3<\/sup><\/strong><br \/>\n<a href=\"https:\/\/ing.ubbcluj.ro\/wp-content\/uploads\/sdi\/teze\/iancu.pdf\">Contribu\u0163ii privind utilizarea sistemelor de izolare seismic\u0103 din elastomeri \u00een construc\u0163ia podurilor<\/a><\/td>\n<td width=\"227\">Tez\u0103 sus\u0163inut\u0103 \u00een 28.10.2011<br \/>\nTitlul de Doctor acordat &#8211;<br \/>\nOM 3818\/26.04.2012<\/td>\n<\/tr>\n<tr>\n<td width=\"352\"><strong>Jurc\u0103u \u015etefania Camelia<\/strong>\u00a0<strong><sup>3<\/sup><\/strong><br \/>\n<a href=\"https:\/\/ing.ubbcluj.ro\/wp-content\/uploads\/sdi\/teze\/jurcau.pdf\">Studii teoretice \u015fi experimentale asupra izolatorului pendular antiseismic\u00a0cu frecare<\/a><\/td>\n<td width=\"227\">Tez\u0103 sus\u0163inut\u0103 \u00een 04.12.2012<br \/>\nTitlul de Doctor acordat &#8211;<br \/>\nOM 3250 MD\/20.02.2013<\/td>\n<\/tr>\n<tr>\n<td width=\"85\"><strong>2009<\/strong><\/td>\n<td width=\"352\"><strong>Negru Ionic\u0103<\/strong>\u00a0<strong><sup>3<\/sup><\/strong><br \/>\n<a href=\"https:\/\/ing.ubbcluj.ro\/wp-content\/uploads\/sdi\/teze\/negru.pdf\">Contribu\u0163ii la detectarea \u015fi\u00a0localizarea defectelor \u00een grinzi utiliz\u00e2nd vibra\u0163ii proprii<\/a><\/td>\n<td width=\"227\">Tez\u0103 sus\u0163inut\u0103 \u00een 14.09.2012<br \/>\nTitlul de Doctor acordat &#8211;<br \/>\nOM 6508\/19.12.2012<\/td>\n<\/tr>\n<tr>\n<td rowspan=\"4\" width=\"85\"><strong>2010<\/strong><\/td>\n<td width=\"352\"><strong>Minda Petru Florin<\/strong>\u00a0<strong><sup>3<\/sup><\/strong><br \/>\n<a href=\"https:\/\/ing.ubbcluj.ro\/wp-content\/uploads\/sdi\/teze\/minda.pdf\">Cercet\u0103ri privind identificarea pozi\u0163iei discontinuit\u0103\u0163ilor \u00een grinzi pe baza modific\u0103rii frecven\u0163elor proprii<\/a><\/td>\n<td width=\"227\">Tez\u0103 sus\u0163inut\u0103 \u00een 25.09.2013<br \/>\nTitlul de Doctor acordat &#8211;<br \/>\nOM 5581 MD\/03.12.2013<\/td>\n<\/tr>\n<tr>\n<td width=\"352\"><strong>Ha\u0163iegan Cornel\u00a0<sup>3<\/sup><\/strong><br \/>\n<a href=\"https:\/\/ing.ubbcluj.ro\/wp-content\/uploads\/sdi\/teze\/hatiegan.pdf\">Identificarea defectelor \u00een pl\u0103ci elastice sub\u0163iri prin analiz\u0103 modal\u0103<\/a><\/td>\n<td width=\"227\">Tez\u0103 sus\u0163inut\u0103 \u00een 25.09.2013<br \/>\nTitlul de Doctor acordat &#8211;<br \/>\nOM 5581 MD\/03.12.2013<\/td>\n<\/tr>\n<tr>\n<td width=\"352\"><strong>Protocsil Carla\u00a0<sup>3<\/sup><\/strong><br \/>\n<a href=\"https:\/\/ing.ubbcluj.ro\/wp-content\/uploads\/sdi\/teze\/protocsil.pdf\">Studiul influen\u0163ei geometriei grinzilor cu defecte\u00a0\u00a0deschise asupra comport\u0103rii modale<\/a><\/td>\n<td width=\"227\">Tez\u0103 sus\u0163inut\u0103 \u00een 25.09.2013<br \/>\nTitlul de Doctor acordat &#8211;<br \/>\nOM 5581 MD\/03.12.2013<\/td>\n<\/tr>\n<tr>\n<td width=\"352\"><strong>Praisach Vilhelm Ion\u00a0<sup>1<\/sup><\/strong><\/td>\n<td width=\"227\">Exmatriculat<\/td>\n<\/tr>\n<tr>\n<td rowspan=\"2\" width=\"85\"><strong>2011<\/strong><\/td>\n<td width=\"352\"><strong>Iavornic Claudiu Mirel<\/strong>\u00a0<strong><sup>2<\/sup><\/strong><br \/>\n<a href=\"https:\/\/ing.ubbcluj.ro\/wp-content\/uploads\/sdi\/teze\/iavornic.pdf\">Studiu privind comportamentul pendulului cu frecare cu suprafa\u0163\u0103 de alunecare hiperbolic\u0103, echipat cu element elastic de compensare a deforma\u0163iilor<\/a><\/td>\n<td width=\"227\">Tez\u0103 sus\u0163inut\u0103 \u00een 29.09.2014<br \/>\nTitlul de Doctor acordat &#8211;<br \/>\nOM 634\/11.11.2014<\/td>\n<\/tr>\n<tr>\n<td width=\"352\"><strong>M\u0103nescu Tiberiu<\/strong>\u00a0<strong><sup>2, 3<\/sup><\/strong><em><br \/>\n<\/em><a href=\"https:\/\/ing.ubbcluj.ro\/wp-content\/uploads\/sdi\/teze\/manescu.pdf\">Contribu\u0163ii privind\u00a0cre\u015fterea durabilit\u0103\u0163ii lag\u0103relor de rostogolire radiale cu bile, av\u00e2nd defecte de fabrica\u0163ie<\/a><\/td>\n<td width=\"227\">Tez\u0103 sus\u0163inut\u0103 \u00een 29.09.2014<br \/>\nTitlul de Doctor acordat &#8211;<br \/>\nOM 634\/11.11.2014<\/td>\n<\/tr>\n<tr>\n<td rowspan=\"3\" width=\"85\"><strong>2012<\/strong><\/td>\n<td width=\"352\"><strong>Bobo\u015f Daniel\u00a0<sup>2<\/sup><\/strong><\/td>\n<td width=\"227\">Exmatriculat cf. dispozi\u021biei<\/p>\n<p>2017 \/ 05.10.2015<\/td>\n<\/tr>\n<tr>\n<td width=\"352\"><strong>Muntean Florian\u00a0<sup>2, 3<\/sup><em><br \/>\n<\/em><\/strong><a href=\"https:\/\/ing.ubbcluj.ro\/wp-content\/uploads\/sdi\/teze\/muntean.pdf\">Studii teoretice \u015fi experimentale privind comportarea dinamic\u0103 a structurilor din bare cu defecte<\/a><\/td>\n<td width=\"227\">Tez\u0103 sus\u0163inut\u0103 \u00een 24.09.2015<br \/>\nTitlul de Doctor acordat &#8211;<br \/>\nOM 5954\/07.12.2015<\/td>\n<\/tr>\n<tr>\n<td width=\"352\"><strong>Kiss Hainal<\/strong><\/td>\n<td width=\"227\">Exmatriculat<\/td>\n<\/tr>\n<tr>\n<td rowspan=\"2\" width=\"85\"><strong>2013<\/strong><\/td>\n<td width=\"352\"><a href=\"http:\/\/vechi.uem.ro\/fileadmin\/3_ACADEMICA\/1_FACULTATI\/Scoala_doctorala\/sustineri\/FurduiH\/CV_Furdui_H.pdf\"><strong>Furdui Horea<\/strong><\/a><strong><em>\u00a0<\/em><\/strong><strong><sup>2, 3<\/sup><\/strong><em><br \/>\n<\/em><a href=\"https:\/\/ing.ubbcluj.ro\/wp-content\/uploads\/sdi\/teze\/furdui.pdf\">Contribu\u021bii privind influen\u0163a sarcinilor opera\u0163ionale \u015fi de mediu asupra detect\u0103rii defectelor \u00een grinzi\u00a0<\/a><\/td>\n<td width=\"227\"><a href=\"http:\/\/vechi.uem.ro\/index.php?id=1285&amp;L=40\">Tez\u0103\u00a0sus\u0163inut\u0103 \u00een\u00a011.11.2016<\/a><br \/>\nTitlul de Doctor acordat &#8211;<br \/>\n<a href=\"http:\/\/www.uem.ro\/fileadmin\/3_ACADEMICA\/1_FACULTATI\/Scoala_doctorala\/sustineri\/FurduiH\/OMEN_3769_20.04.2017.pdf\">OM 3769\/20.04.2017<\/a><\/td>\n<\/tr>\n<tr>\n<td width=\"352\"><strong>Ntakpe Jean Louis<em>\u00a0<\/em><\/strong><strong><sup>1<\/sup><\/strong><br \/>\n<a href=\"https:\/\/ing.ubbcluj.ro\/wp-content\/uploads\/sdi\/teze\/ntakpe.pdf\">Researches regarding the assesment of cracks in slender multi-spam beams\u00a0<\/a><\/td>\n<td width=\"227\"><a href=\"http:\/\/vechi.uem.ro\/index.php?id=1593&amp;L=40\">Tez\u0103 sus\u021binut\u0103 \u00een 17.09.2018<\/a><br \/>\nTitlul de Doctor acordat &#8211;<br \/>\nOM 5474\/14.11.2018<\/td>\n<\/tr>\n<tr>\n<td rowspan=\"3\" width=\"85\"><strong>2014<\/strong><\/td>\n<td width=\"352\"><a href=\"http:\/\/vechi.uem.ro\/fileadmin\/3_ACADEMICA\/1_FACULTATI\/Scoala_doctorala\/sustineri\/NitescuC\/NitescuCodrin_CV.pdf\"><strong>Ni\u0163escu Codrin Nistor<\/strong><\/a><strong>\u00a0<\/strong><strong><sup>1<\/sup><\/strong><br \/>\n<a href=\"https:\/\/ing.ubbcluj.ro\/wp-content\/uploads\/sdi\/teze\/nitescu.pdf\">Cercet\u0103ri privind identificarea defectelor la structuri sudate prin metode globale de control<\/a><\/td>\n<td width=\"227\"><a href=\"http:\/\/vechi.uem.ro\/index.php?id=1572&amp;L=40\">Tez\u0103 sus\u021binut\u0103 \u00een 09.11.2017<\/a><br \/>\nTitlul de Doctor acordat &#8211;<br \/>\nOM 5701\/27.12.2017<\/td>\n<\/tr>\n<tr>\n<td width=\"352\"><a href=\"http:\/\/vechi.uem.ro\/fileadmin\/3_ACADEMICA\/1_FACULTATI\/Scoala_doctorala\/sustineri\/StanciuE\/CV_Stanciu_Emilian.pdf\"><strong>Stanciu Emilian<\/strong><\/a><em>\u00a0<\/em><strong><sup>2<\/sup><\/strong><em><br \/>\n<\/em><a href=\"https:\/\/ing.ubbcluj.ro\/wp-content\/uploads\/sdi\/teze\/stanciu.pdf\">Contribu\u0163ii la identificarea defectelor de coroziune \u00een elemente elastice sub\u0163iri<\/a><\/td>\n<td width=\"227\"><a href=\"http:\/\/vechi.uem.ro\/index.php?id=1576&amp;L=40\">Tez\u0103 sus\u0163inut\u0103 \u00een 29.11.2017<\/a><br \/>\nTitlul de Doctor acordat &#8211;<br \/>\n<a href=\"http:\/\/vechi.uem.ro\/fileadmin\/3_ACADEMICA\/1_FACULTATI\/Scoala_doctorala\/OM_3356.pdf\">OM 3356\/21.03.2018<\/a><\/td>\n<\/tr>\n<tr>\n<td width=\"352\"><strong>P\u0103sul\u0103 Sorin Tiberiu Petru<\/strong>\u00a0<strong><sup>1<\/sup><\/strong><\/td>\n<td width=\"227\">Exmatriculat cf. dispozi\u021biei<\/p>\n<p>2615 \/ 17.11.2016<\/td>\n<\/tr>\n<tr>\n<td rowspan=\"3\" width=\"85\"><strong>2015<\/strong><\/td>\n<td width=\"352\"><strong>Micliuc Diana-Maria<\/strong>\u00a0<strong><sup>1<\/sup><\/strong><\/p>\n<p><em>Cercet\u0103ri privind izolarea zgomotului \u00een zonele urbane<\/em><\/td>\n<td width=\"227\">Exmatriculat cf. dispozi\u021biei<\/p>\n<p>2327\/23.10.2019<\/td>\n<\/tr>\n<tr>\n<td width=\"352\"><strong>Ioja Gheorghe<\/strong><sup>\u00a04<\/sup><\/p>\n<p>Cercet\u0103ri privind detectarea defectelor \u00een grinzi \u00eenc\u0103rcate cu o mas\u0103 \u00een mi\u0219care<\/td>\n<td width=\"227\">Exmatriculat cf. dispozi\u021biei<\/p>\n<p>2260\/03.10.2018<\/td>\n<\/tr>\n<tr>\n<td width=\"352\"><strong>Pelea Ionela &#8211; Mariana<\/strong>\u00a0<strong><sup>4<\/sup><\/strong><\/p>\n<p><em>Cercet\u0103ri privind evaluarea preciziei \u00een detectarea defectelor utiliz\u00e2nd frecven\u021bele proprii<\/em><\/td>\n<td width=\"227\">Exmatriculat cf. dispozi\u021biei<\/p>\n<p>1230 \/ 10.07.2017<\/td>\n<\/tr>\n<tr>\n<td rowspan=\"2\" width=\"85\"><strong>2016<\/strong><\/td>\n<td width=\"352\"><strong>Barboni Lumini\u0163a <sup>4<\/sup><\/strong><\/p>\n<p><em>Cercet\u0103ri privind identificarea persoanelor pe baza particularit\u0103\u021bilor geometrice \u0219i dinamice<\/em><\/td>\n<td width=\"227\">Exmatriculat cf. dispozi\u021biei<\/p>\n<p>2260\/03.10.2018<\/td>\n<\/tr>\n<tr>\n<td width=\"352\"><strong>P\u0103duraru Lumini\u0163a<sup> 4<\/sup><\/strong><\/p>\n<p>Cercet\u0103ri privind comportamentul dinamic al grinzilor cu defecte multiple<\/td>\n<td width=\"227\">Exmatriculat cf. dispozi\u021biei<\/p>\n<p>865 \/ 09.05.2018<\/td>\n<\/tr>\n<tr>\n<td width=\"85\"><strong>2017<\/strong><\/td>\n<td width=\"352\"><strong>Tufi\u015fi Cristian<\/strong><sup>\u00a0<strong>2, 5<\/strong><\/sup><br \/>\n<a href=\"https:\/\/ing.ubbcluj.ro\/wp-content\/uploads\/2026\/04\/Teza-de-doctorat-Cristian-Tufisi.pdf\">Detection of branched cracks in beam-like structures<\/a><\/td>\n<td width=\"227\"><a href=\"http:\/\/vechi.uem.ro\/index.php?id=1576&amp;L=40\">Tez\u0103 sus\u0163inut\u0103 \u00een 24.09.2020<\/a><br \/>\nTitlul de Doctor acordat &#8211;<br \/>\n<a href=\"http:\/\/vechi.uem.ro\/fileadmin\/3_ACADEMICA\/1_FACULTATI\/Scoala_doctorala\/OM_3356.pdf\">OM 6245\/21.12.2020<\/a><\/td>\n<\/tr>\n<tr>\n<td width=\"85\"><strong>2018<\/strong><\/td>\n<td width=\"352\"><strong>M\u0103lin Tatian &#8211; Cristian\u00a0<sup>2, 6<\/sup><\/strong><br \/>\n<a href=\"https:\/\/ing.ubbcluj.ro\/wp-content\/uploads\/2026\/04\/Teza-de-doctorat-Crsitian-Malin.pdf\">Researches regarding the behavior of structures isolated by friction pendulum<\/a><\/td>\n<td width=\"227\"><a href=\"http:\/\/vechi.uem.ro\/index.php?id=1576&amp;L=40\">Tez\u0103 sus\u0163inut\u0103 \u00een 23.12.20<\/a>21<br \/>\nTitlul de Doctor acordat &#8211;<br \/>\n<a href=\"http:\/\/vechi.uem.ro\/fileadmin\/3_ACADEMICA\/1_FACULTATI\/Scoala_doctorala\/OM_3356.pdf\">OM 3677\/03.05.2022<\/a><\/td>\n<\/tr>\n<tr>\n<td rowspan=\"2\" width=\"85\"><strong>2019<\/strong><\/td>\n<td width=\"352\"><strong>Lupu David <sup>2<\/sup><\/strong><\/p>\n<p><em>Cercet\u0103ri privind cre\u0219terea preciziei de detectare a defectelor structurilor utiliz\u00e2nd frecven\u021bele proprii<\/em><\/td>\n<td width=\"227\">Proiectul de cercetare \u0219tiin\u021bific\u0103 \u2013 sus\u021binut<\/p>\n<p>Raport de cercetare I \u2013 sus\u021binut<\/p>\n<p>Raport de cercetare II \u2013 sus\u021binut<\/p>\n<p>Legea nr. 49 \/ 2013 \u2013 am\u00e2narea sus\u021binerii tezei de doctorat<\/td>\n<\/tr>\n<tr>\n<td width=\"352\"><strong>Pop Marius-Vasile <sup>4<\/sup><\/strong><\/p>\n<p><em>Cercet\u0103ri privind posibilitatea detect\u0103rii defectelor multiple prin metode dinamice<\/em><\/td>\n<td width=\"227\">Proiectul de cercetare \u0219tiin\u021bific\u0103 \u2013 sus\u021binut<\/p>\n<p>Raport de cercetare I \u2013 sus\u021binut<\/p>\n<p>Raport de cercetare II \u2013 sus\u021binut<\/p>\n<p>Legea nr. 49 \/ 2013 \u2013 am\u00e2narea sus\u021binerii tezei de doctorat<\/td>\n<\/tr>\n<tr>\n<td width=\"85\"><strong>2020<\/strong><\/td>\n<td width=\"352\"><strong>Ardeljan A. Mario <sup>2<\/sup><\/strong><\/p>\n<p><em>Cercet\u0103ri privind comportarea dinamic\u0103 a atle\u021bilor \u00een func\u021bie de caracteristicile biomecanice<\/em><\/td>\n<td width=\"227\">Exmatriculat cf. Deciziei Rectorului<\/p>\n<p>Nr. 14297 \/ 15.09.2025<\/td>\n<\/tr>\n<tr>\n<td rowspan=\"2\" width=\"85\"><strong>2021<\/strong><\/td>\n<td width=\"352\"><strong>Burtea (c\u0103s. Ro\u0219u) D. Daniela-Giorgiana\u00a0<\/strong><sup>2<\/sup><br \/>\n<em>Contribu\u0163ii la \u00eembun\u0103t\u0103\u0163irea preciziei de estimare a frecven\u0163elor proprii ale structurilor<\/em><\/td>\n<td width=\"227\">Proiectul de cercetare \u0219tiin\u021bific\u0103 \u2013 sus\u021binut<\/p>\n<p>Raport de cercetare I \u2013 sus\u021binut<\/p>\n<p>Raport de cercetare II \u2013 sus\u021binut<\/p>\n<p>Prelungire f\u0103r\u0103 tax\u0103<\/td>\n<\/tr>\n<tr>\n<td width=\"352\"><strong>Bolovedea Marcel-Florin<\/strong>\u00a0<sup>1<\/sup><br \/>\n<em>Cercet\u0103ri privind comportamentul structurilor placate cu materiale dure<\/em><\/td>\n<td width=\"227\">Proiectul de cercetare \u0219tiin\u021bific\u0103 \u2013 sus\u021binut<\/p>\n<p>Raport de cercetare I \u2013 sus\u021binut<\/p>\n<p>Raport de cercetare II \u2013 sus\u021binut<\/p>\n<p>Prelungire f\u0103r\u0103 tax\u0103<\/td>\n<\/tr>\n<tr>\n<td rowspan=\"4\" width=\"85\"><strong>2022<\/strong><\/td>\n<td width=\"352\"><strong>Bucico A. Mihai <sup>1<\/sup><\/strong><\/p>\n<p><strong><em>Fiabilitatea sistemelor \u00eencorporate<\/em><\/strong><\/td>\n<td width=\"227\">Exmatriculat cf. Deciziei Rectorului<\/p>\n<p>Nr. 14295 \/ 15.09.2025<\/td>\n<\/tr>\n<tr>\n<td width=\"352\"><strong>Chatu\u00e9 T. Fabrice <sup>1<\/sup><\/strong><\/p>\n<p><strong><em>Advanced road safety systems<\/em><\/strong><\/td>\n<td width=\"227\">Proiectul de cercetare \u0219tiin\u021bific\u0103 \u2013 sus\u021binut<\/p>\n<p>Raport de cercetare I \u2013 sus\u021binut<\/p>\n<p>Raport de cercetare I \u2013 sus\u021binut<\/p>\n<p>Aliniere la stagiu de 4 ani<\/td>\n<\/tr>\n<tr>\n<td width=\"352\"><strong>P\u0103un R. Rusalin-Lucian <sup>1<\/sup><\/strong><\/p>\n<p><strong><em>Metode avansate de analiz\u0103 modal\u0103 experimental\u0103<\/em><\/strong><\/td>\n<td width=\"227\">Proiectul de cercetare \u0219tiin\u021bific\u0103 \u2013 sus\u021binut<\/p>\n<p>Raport de cercetare I \u2013 sus\u021binut<\/p>\n<p>Raport de cercetare I \u2013 sus\u021binut<\/p>\n<p>Aliniere la stagiu de 4 ani<\/td>\n<\/tr>\n<tr>\n<td width=\"352\"><strong>Popescu A. \u0218tefan <sup>1<\/sup><\/strong><\/p>\n<p><strong><em>Contribu\u021bii la \u00eembun\u0103t\u0103\u021birea preciziei de estimare a frecven\u021belor proprii ale structurilor inginere\u0219ti<\/em><\/strong><\/td>\n<td width=\"227\">Proiectul de cercetare \u0219tiin\u021bific\u0103 \u2013 sus\u021binut<\/p>\n<p>Raport de cercetare I \u2013 sus\u021binut<\/p>\n<p>Raport de cercetare I \u2013 sus\u021binut<\/p>\n<p>Aliniere la stagiu de 4 ani<\/td>\n<\/tr>\n<tr>\n<td rowspan=\"2\" width=\"85\"><strong>2023<\/strong><\/td>\n<td width=\"352\"><strong>Dobrinescu G. Claudiu-Constantin <sup>1<\/sup><\/strong><\/p>\n<p><strong><em>Cercet\u0103ri privind detectarea defectelor de coroziune \u00een grinzi \u0219i pl\u0103ci<\/em><\/strong><\/td>\n<td width=\"227\">Proiectul de cercetare \u0219tiin\u021bific\u0103 \u2013 sus\u021binut<\/p>\n<p>Raport de cercetare I \u2013 sus\u021binut<\/td>\n<\/tr>\n<tr>\n<td width=\"352\"><strong>Heler (c\u0103s. Heler-Ionescu) V. Teodora-Liliana <sup>1<\/sup><\/strong><\/p>\n<p><strong><em>Prelucrarea semnalelor ultrasonografice \u0219i electrice \u00een diagnosticarea bolilor cardio-vasculare<\/em><\/strong><\/td>\n<td width=\"227\">Proiectul de cercetare \u0219tiin\u021bific\u0103 \u2013 sus\u021binut<\/p>\n<p>Raport de cercetare I \u2013 sus\u021binut<\/td>\n<\/tr>\n<tr>\n<td rowspan=\"3\" width=\"85\"><strong>2024<\/strong><\/td>\n<td width=\"352\"><strong>C\u00e2rstea A.V. Bogdan-Gigi <sup>4<\/sup><\/strong><\/p>\n<p><strong><em>Analiz\u0103 spectral\u0103 avansat\u0103 pentru identificarea modific\u0103rilor mici de frecven\u021b\u0103 ale structurilor mecanice<\/em><\/strong><\/td>\n<td width=\"227\">Proiectul de cercetare \u0219tiin\u021bific\u0103 \u2013 sus\u021binut<\/td>\n<\/tr>\n<tr>\n<td width=\"352\"><strong>G\u00e2rban V. Lauren\u021biu <sup>2<\/sup><\/strong><\/p>\n<p><strong><em>Cercet\u0103ri privind controlul cu precizie ridicat\u0103 a excitatoarelor mecanice<\/em><\/strong><\/td>\n<td width=\"227\">Proiectul de cercetare \u0219tiin\u021bific\u0103 \u2013 sus\u021binut<\/td>\n<\/tr>\n<tr>\n<td width=\"352\"><strong>Kiss I. Zoltan <sup>4<\/sup><\/strong><\/p>\n<p><strong><em>Cercet\u0103ri privind pozi\u021bia sportivilor \u00een timpul desf\u0103\u0219ur\u0103rii probelor<\/em><\/strong><\/td>\n<td width=\"227\">Proiectul de cercetare \u0219tiin\u021bific\u0103 \u2013 sus\u021binut<\/td>\n<\/tr>\n<\/tbody>\n<\/table>\n<p><sup>1<\/sup> cu frecven\u021b\u0103, f\u0103r\u0103 burs\u0103<\/p>\n<p><sup>2<\/sup> cu frecven\u021b\u0103, cu burs\u0103<\/p>\n<p><sup>3<\/sup> cu frecven\u021b\u0103, cu burs\u0103 POS-DRU<\/p>\n<p><sup>4<\/sup> cu frecven\u021b\u0103 redus\u0103, f\u0103r\u0103 burs\u0103<\/p>\n<p><sup>5<\/sup> \u00een cotutel\u0103 cu prof. univ. dr. ing. Magd Abdel Wahab de la Universitatea din Ghent, Belgia<\/p>\n<p><sup>6<\/sup> \u00een cotutel\u0103 cu prof. univ. dr. ing. Istfan Biro de la Universitatea din Szeged, Ungaria<\/p>\n<\/div><\/section>\n","protected":false},"excerpt":{"rendered":"","protected":false},"author":1,"featured_media":0,"parent":405,"menu_order":0,"comment_status":"closed","ping_status":"closed","template":"","meta":{"footnotes":""},"class_list":["post-2934","page","type-page","status-publish","hentry"],"_links":{"self":[{"href":"https:\/\/ing.ubbcluj.ro\/index.php?rest_route=\/wp\/v2\/pages\/2934","targetHints":{"allow":["GET"]}}],"collection":[{"href":"https:\/\/ing.ubbcluj.ro\/index.php?rest_route=\/wp\/v2\/pages"}],"about":[{"href":"https:\/\/ing.ubbcluj.ro\/index.php?rest_route=\/wp\/v2\/types\/page"}],"author":[{"embeddable":true,"href":"https:\/\/ing.ubbcluj.ro\/index.php?rest_route=\/wp\/v2\/users\/1"}],"replies":[{"embeddable":true,"href":"https:\/\/ing.ubbcluj.ro\/index.php?rest_route=%2Fwp%2Fv2%2Fcomments&post=2934"}],"version-history":[{"count":50,"href":"https:\/\/ing.ubbcluj.ro\/index.php?rest_route=\/wp\/v2\/pages\/2934\/revisions"}],"predecessor-version":[{"id":10694,"href":"https:\/\/ing.ubbcluj.ro\/index.php?rest_route=\/wp\/v2\/pages\/2934\/revisions\/10694"}],"up":[{"embeddable":true,"href":"https:\/\/ing.ubbcluj.ro\/index.php?rest_route=\/wp\/v2\/pages\/405"}],"wp:attachment":[{"href":"https:\/\/ing.ubbcluj.ro\/index.php?rest_route=%2Fwp%2Fv2%2Fmedia&parent=2934"}],"curies":[{"name":"wp","href":"https:\/\/api.w.org\/{rel}","templated":true}]}}