{"id":216,"date":"2021-01-04T13:00:15","date_gmt":"2021-01-04T11:00:15","guid":{"rendered":"https:\/\/eng.ubbcluj.ro\/?page_id=216"},"modified":"2026-03-27T14:16:47","modified_gmt":"2026-03-27T12:16:47","slug":"burse-tabere","status":"publish","type":"page","link":"https:\/\/ing.ubbcluj.ro\/?page_id=216","title":{"rendered":"Burse \/ Cazare \/ Tabere"},"content":{"rendered":"<section  class='av_textblock_section av-kl9f8h6z-4a0d9834fbd8a9d089a1a67773712796 '   itemscope=\"itemscope\" itemtype=\"https:\/\/schema.org\/CreativeWork\" ><div class='avia_textblock'  itemprop=\"text\" ><h6 style=\"text-align: center;\">Burse<\/h6>\n<\/div><\/section>\n<section  class='av_textblock_section av-kzwd71z4-85de71a204b0a7ea96839012806c7f25 '   itemscope=\"itemscope\" itemtype=\"https:\/\/schema.org\/CreativeWork\" ><div class='avia_textblock'  itemprop=\"text\" ><p>Cererile \u0219i dosarele pentru toate categoriile de burs\u0103 vor fi depuse <strong>EXCLUSIV prin mijloace electronice folosind platforma de burse<\/strong> prin accesarea paginii de internet <a href=\"https:\/\/burse.inscrieri.ubbcluj.ro\/\">https:\/\/burse.inscrieri.ubbcluj.ro\/<\/a>.<\/p>\n<p>La depunerea documentelor prin mijloace electronice, acestea vor fi \u00eenso\u021bite de o declara\u021bie pe proprie r\u0103spundere a studentului (vezi mai jos) referitoare la conformitatea documentelor. <strong>Documentele \u00eenc\u0103rcate electronic nu mai necesit\u0103 depunerea acestora \u00een format fizic.<\/strong><\/p>\n<\/div><\/section>\n<div  class='hr av-7lkxk-c93a8ea4761b8121ba8fe5569d780af9 hr-default  avia-builder-el-2  el_after_av_textblock  el_before_av_one_half '><span class='hr-inner '><span class=\"hr-inner-style\"><\/span><\/span><\/div>\n\n<style type=\"text\/css\" data-created_by=\"avia_inline_auto\" id=\"style-css-av-fbhk8-96f63ea9f5e6224df1afab6bdde3d1fa\">\n.flex_column.av-fbhk8-96f63ea9f5e6224df1afab6bdde3d1fa{\nborder-radius:0px 0px 0px 0px;\npadding:0px 0px 0px 0px;\n}\n<\/style>\n<div  class='flex_column av-fbhk8-96f63ea9f5e6224df1afab6bdde3d1fa av_one_half  avia-builder-el-3  el_after_av_hr  el_before_av_one_half  first flex_column_div av-zero-column-padding  '     ><section  class='av_textblock_section av-latkf08x-442df7ca822a9cf870f3ddfb0517daeb '   itemscope=\"itemscope\" itemtype=\"https:\/\/schema.org\/CreativeWork\" ><div class='avia_textblock'  itemprop=\"text\" ><p><a href=\"https:\/\/ing.ubbcluj.ro\/wp-content\/uploads\/2026\/02\/Calendarul-de-acordare-a-burselor_sem-II-2025-2026-1.pdf\"><strong>Calendar de acordare a burselor<\/strong><\/a> \/ <span data-olk-copy-source=\"MessageBody\">sem. II 2025-2026<\/span><\/p>\n<p><a href=\"https:\/\/ing.ubbcluj.ro\/wp-content\/uploads\/2026\/03\/Liste_burse_finale.pdf\">Lista finala studenti bursieri sem 2 anul universitar 2025 &#8211; 2026<\/a><\/p>\n<\/div><\/section><\/div>\n<style type=\"text\/css\" data-created_by=\"avia_inline_auto\" id=\"style-css-av-6t15k-5c0fb68fbe20673bf421ff87f578576e\">\n.flex_column.av-6t15k-5c0fb68fbe20673bf421ff87f578576e{\nborder-radius:0px 0px 0px 0px;\npadding:0px 0px 0px 0px;\n}\n<\/style>\n<div  class='flex_column av-6t15k-5c0fb68fbe20673bf421ff87f578576e av_one_half  avia-builder-el-5  el_after_av_one_half  el_before_av_one_half  flex_column_div av-zero-column-padding  '     ><section  class='av_textblock_section av-lsx1er9s-75bf1606749bb8886d52727c7ad8cd9a '   itemscope=\"itemscope\" itemtype=\"https:\/\/schema.org\/CreativeWork\" ><div class='avia_textblock'  itemprop=\"text\" ><p><strong>Cereri \/ Anexe \/ Declara\u021bii<\/strong><\/p>\n<p><a href=\"https:\/\/ing.ubbcluj.ro\/wp-content\/uploads\/2026\/02\/Cerere-bursa-de-performanta-categoria-I-sau-II.doc\">Cerere burs\u0103 de performan\u021b\u0103 categoria I sau II<\/a><br \/>\n<a href=\"https:\/\/ing.ubbcluj.ro\/wp-content\/uploads\/2024\/02\/Anexa-7_Model-cerere-acordare-bursa-ajutor-social.docx\">Anexa 7_Model cerere acordare burs\u0103 ajutor social<\/a><br \/>\n<a href=\"https:\/\/ing.ubbcluj.ro\/wp-content\/uploads\/2024\/02\/Anexa-8_Declaratie-venituri.docx\">Anexa 8_Declara\u021bie venituri<\/a><br \/>\n<a href=\"https:\/\/ing.ubbcluj.ro\/wp-content\/uploads\/2024\/02\/Anexa-9_Declaratie-depunere-dosar-mijloace-electronice.docx\">Anexa 9_Declara\u021bie depunere dosar mijloace electronice<\/a><br \/>\n<a href=\"https:\/\/ing.ubbcluj.ro\/wp-content\/uploads\/2024\/02\/Anexa-10_Verificare-conformitate-dosar-bursa-sociala.docx\">Anexa 10_Verificare conformitate dosar burs\u0103 social\u0103<\/a><br \/>\n<a href=\"https:\/\/ing.ubbcluj.ro\/wp-content\/uploads\/2024\/02\/Anexa-11_Verificare-conformitate-dosar-bursa-sociala-caz-medical.docx\">Anexa 11_Verificare conformitate dosar burs\u0103 social\u0103 &#8211; caz medical<\/a><br \/>\n<a href=\"https:\/\/ing.ubbcluj.ro\/wp-content\/uploads\/2024\/02\/Anexa-12_Acord-prelucrare-date-caracter-personal_student.docx\">Anexa 12_Acord prelucrare date caracter personal student<\/a><br \/>\n<a href=\"https:\/\/ing.ubbcluj.ro\/wp-content\/uploads\/2024\/02\/Anexa-13_Acord-prelucrare-date-caracter-personal.docx\">Anexa 13_Acord prelucrare date cu caracter personal<\/a><\/p>\n<\/div><\/section><\/div><\/p>\n\n<style type=\"text\/css\" data-created_by=\"avia_inline_auto\" id=\"style-css-av-mjoug-95c1c756c34af7fee2264fd5be5b47a3\">\n.flex_column.av-mjoug-95c1c756c34af7fee2264fd5be5b47a3{\nborder-radius:0px 0px 0px 0px;\npadding:0px 0px 0px 0px;\n}\n<\/style>\n<div  class='flex_column av-mjoug-95c1c756c34af7fee2264fd5be5b47a3 av_one_half  avia-builder-el-7  el_after_av_one_half  el_before_av_one_half  first flex_column_div av-zero-column-padding  column-top-margin'     ><section  class='av_textblock_section av-kl9fbbio-e972e506ea3750ad23a488970ff94a3f '   itemscope=\"itemscope\" itemtype=\"https:\/\/schema.org\/CreativeWork\" ><div class='avia_textblock'  itemprop=\"text\" ><p><a href=\"https:\/\/ing.ubbcluj.ro\/wp-content\/uploads\/2025\/10\/Regulament-de-burse-studenti_2025-2026.pdf\"><strong>Regulamentului de acordare a burselor pentru studen\u021bi<\/strong><\/a><\/p>\n<\/div><\/section><\/div>\n\n<style type=\"text\/css\" data-created_by=\"avia_inline_auto\" id=\"style-css-av-gp1ig-56c0bba3a96e4e586ffc7af485ee947e\">\n.flex_column.av-gp1ig-56c0bba3a96e4e586ffc7af485ee947e{\nborder-radius:0px 0px 0px 0px;\npadding:0px 0px 0px 0px;\n}\n<\/style>\n<div  class='flex_column av-gp1ig-56c0bba3a96e4e586ffc7af485ee947e av_one_half  avia-builder-el-9  el_after_av_one_half  el_before_av_one_half  flex_column_div av-zero-column-padding  column-top-margin'     ><section  class='av_textblock_section av-b4hls-45bc52aea0c61f713ca88e31776a3283 '   itemscope=\"itemscope\" itemtype=\"https:\/\/schema.org\/CreativeWork\" ><div class='avia_textblock'  itemprop=\"text\" ><p><a href=\"https:\/\/ing.ubbcluj.ro\/wp-content\/uploads\/2026\/02\/Sal_Min_Net_burse_feb2026.pdf.pdf\"><b>Salariu minim<\/b><\/a><\/p>\n<\/div><\/section><\/div>\n\n<style type=\"text\/css\" data-created_by=\"avia_inline_auto\" id=\"style-css-av-d7kjc-b925145118fd46bcf30e0b41d7ae87b6\">\n.flex_column.av-d7kjc-b925145118fd46bcf30e0b41d7ae87b6{\nborder-radius:0px 0px 0px 0px;\npadding:0px 0px 0px 0px;\n}\n<\/style>\n<div  class='flex_column av-d7kjc-b925145118fd46bcf30e0b41d7ae87b6 av_one_half  avia-builder-el-11  el_after_av_one_half  el_before_av_one_half  first flex_column_div av-zero-column-padding  column-top-margin'     ><section  class='av_textblock_section av-kl9f11eu-31be62c85c703e95c0dee9a708434139 '   itemscope=\"itemscope\" itemtype=\"https:\/\/schema.org\/CreativeWork\" ><div class='avia_textblock'  itemprop=\"text\" ><p style=\"text-align: left;\"><a href=\"https:\/\/ing.ubbcluj.ro\/wp-content\/uploads\/2025\/10\/Cerere-bursa-dual-1-1.pdf\"><b>Cerere bursa dual<\/b><\/a><\/p>\n<\/div><\/section><\/div>\n\n<style type=\"text\/css\" data-created_by=\"avia_inline_auto\" id=\"style-css-av-6mcew-c15e65478978e1516b0b752762eec68d\">\n.flex_column.av-6mcew-c15e65478978e1516b0b752762eec68d{\nborder-radius:0px 0px 0px 0px;\npadding:0px 0px 0px 0px;\n}\n<\/style>\n<div  class='flex_column av-6mcew-c15e65478978e1516b0b752762eec68d av_one_half  avia-builder-el-13  el_after_av_one_half  el_before_av_hr  flex_column_div av-zero-column-padding  column-top-margin'     ><\/div>\n<div  class='hr av-9zsbs-3f9fca1090c6bd6ed46b46ffb42c6a14 hr-default  avia-builder-el-14  el_after_av_one_half  el_before_av_one_half '><span class='hr-inner '><span class=\"hr-inner-style\"><\/span><\/span><\/div>\n\n<style type=\"text\/css\" data-created_by=\"avia_inline_auto\" id=\"style-css-av-76wds-a6d41758a747e30318abcbd190bbc4c5\">\n.flex_column.av-76wds-a6d41758a747e30318abcbd190bbc4c5{\nborder-radius:0px 0px 0px 0px;\npadding:0px 0px 0px 0px;\n}\n<\/style>\n<div  class='flex_column av-76wds-a6d41758a747e30318abcbd190bbc4c5 av_one_half  avia-builder-el-15  el_after_av_hr  el_before_av_one_half  first flex_column_div av-zero-column-padding  '     ><section  class='av_textblock_section av-kl9f8h6z-6-fbd4fddeb4f6ef09beb958812fcead77 '   itemscope=\"itemscope\" itemtype=\"https:\/\/schema.org\/CreativeWork\" ><div class='avia_textblock'  itemprop=\"text\" ><h6>Tabere studen\u021be\u0219ti de var\u0103 2025<\/h6>\n<\/div><\/section><br \/>\n<section  class='av_textblock_section av-kl9f8h6z-4-5a38bd4c2188f67f25bb8791b0e30107 '   itemscope=\"itemscope\" itemtype=\"https:\/\/schema.org\/CreativeWork\" ><div class='avia_textblock'  itemprop=\"text\" ><p><a href=\"https:\/\/ing.ubbcluj.ro\/wp-content\/uploads\/2025\/04\/Metodologie-Tabere-studentesti-2025-OM-25191-din-2024-MO-Partea-I-nr.-1320Bis.pdf\"><strong>Metodologie privind organizarea taberelor studen\u021be\u0219ti 2025<\/strong><\/a><\/p>\n<p><a href=\"https:\/\/ing.ubbcluj.ro\/wp-content\/uploads\/2025\/04\/ANEXA-2-Situatie-Locuri-pe-CCS-2025.pdf\">Anexa 2\u00a0 &#8211;\u00a0 Situa\u021bie locuri pe CCS 2024 &#8211; tabere de var\u0103<\/a><\/p>\n<p><a href=\"https:\/\/ing.ubbcluj.ro\/wp-content\/uploads\/2025\/04\/Anexa-4-Cerere-individuala-pentru-ocuparea-unui-loc-in-cadrul-taberelor-studentestila-metodologie-TS.docx\">Cerere individual\u0103 + Declara\u021bie Consim\u021b\u0103m\u00e2nt<\/a><\/p>\n<p><a href=\"https:\/\/ing.ubbcluj.ro\/wp-content\/uploads\/2025\/04\/Calendarul-de-desfasurare-al-Taberelor-studentesti-2025.pdf\">Calendar<\/a><\/p>\n<p><a href=\"https:\/\/ing.ubbcluj.ro\/wp-content\/uploads\/2025\/05\/Hotararea-nr.-72-din-23-05-2025-Componenta-Comisie-de-selectie-a-studentilor-beneficiari-de-locuri-de-tabere_vara-2025.pdf\"><span data-olk-copy-source=\"MessageBody\">Comisie de selec\u021bie a studen\u021bilor beneficiari \u0219i a comisiei de solu\u021bionare a contesta\u021biilor<\/span><\/a><\/p>\n<p><a href=\"https:\/\/ing.ubbcluj.ro\/wp-content\/uploads\/2025\/06\/Tabel-cu-studentii-care-au-depus-cerere-pentru-Tabara-2025-conform-Metodologie.pdf\">Tabel cu studentii care au depus cerere pentru Tabara 2025\u00a0<\/a><\/p>\n<p><a href=\"https:\/\/ing.ubbcluj.ro\/wp-content\/uploads\/2025\/06\/proces-verbal-selectie-_Beneficiari-Tabere-2025_dupa-redistribuire-locuri.pdf\">Studenti beneficiari de locuri in Tabara 2025<\/a><\/p>\n<hr \/>\n<p>Num\u0103r de locuri Facultatea de Inginerie \u00een taberele studen\u021be\u0219ti de var\u0103 pe anul 2025 &#8211;\u00a0<b>3 locuri<\/b><\/p>\n<p><em>Mai multe informa\u021bii <a href=\"https:\/\/www.ubbcluj.ro\/ro\/studenti\/viata_studenteasca\/tabere\"><strong>aici!<\/strong><\/a><\/em><\/p>\n<\/div><\/section><\/p><\/div>\n\n<style type=\"text\/css\" data-created_by=\"avia_inline_auto\" id=\"style-css-av-76wds-5-b747658eba2ec5e20e7b4599def420d4\">\n.flex_column.av-76wds-5-b747658eba2ec5e20e7b4599def420d4{\nborder-radius:0px 0px 0px 0px;\npadding:0px 0px 0px 0px;\n}\n<\/style>\n<div  class='flex_column av-76wds-5-b747658eba2ec5e20e7b4599def420d4 av_one_half  avia-builder-el-18  el_after_av_one_half  avia-builder-el-last  flex_column_div av-zero-column-padding  '     ><section  class='av_textblock_section av-kl9f8h6z-3-65c09b3f4a5e54095004059120c1bab7 '   itemscope=\"itemscope\" itemtype=\"https:\/\/schema.org\/CreativeWork\" ><div class='avia_textblock'  itemprop=\"text\" ><h6>Cazare \u00een c\u0103min<\/h6>\n<\/div><\/section><br \/>\n<section  class='av_textblock_section av-m0m3nyta-8b887d1a59c01dca87a5c63ef66cd013 '   itemscope=\"itemscope\" itemtype=\"https:\/\/schema.org\/CreativeWork\" ><div class='avia_textblock'  itemprop=\"text\" ><p><a href=\"https:\/\/ing.ubbcluj.ro\/wp-content\/uploads\/2024\/09\/Cerere-cazare_2024-2025.pdf\">Cerere de cazare 2024-2025<\/a><\/p>\n<\/div><\/section><\/p><\/div>\n","protected":false},"excerpt":{"rendered":"","protected":false},"author":1,"featured_media":0,"parent":90,"menu_order":0,"comment_status":"closed","ping_status":"closed","template":"","meta":{"footnotes":""},"class_list":["post-216","page","type-page","status-publish","hentry"],"_links":{"self":[{"href":"https:\/\/ing.ubbcluj.ro\/index.php?rest_route=\/wp\/v2\/pages\/216","targetHints":{"allow":["GET"]}}],"collection":[{"href":"https:\/\/ing.ubbcluj.ro\/index.php?rest_route=\/wp\/v2\/pages"}],"about":[{"href":"https:\/\/ing.ubbcluj.ro\/index.php?rest_route=\/wp\/v2\/types\/page"}],"author":[{"embeddable":true,"href":"https:\/\/ing.ubbcluj.ro\/index.php?rest_route=\/wp\/v2\/users\/1"}],"replies":[{"embeddable":true,"href":"https:\/\/ing.ubbcluj.ro\/index.php?rest_route=%2Fwp%2Fv2%2Fcomments&post=216"}],"version-history":[{"count":50,"href":"https:\/\/ing.ubbcluj.ro\/index.php?rest_route=\/wp\/v2\/pages\/216\/revisions"}],"predecessor-version":[{"id":10584,"href":"https:\/\/ing.ubbcluj.ro\/index.php?rest_route=\/wp\/v2\/pages\/216\/revisions\/10584"}],"up":[{"embeddable":true,"href":"https:\/\/ing.ubbcluj.ro\/index.php?rest_route=\/wp\/v2\/pages\/90"}],"wp:attachment":[{"href":"https:\/\/ing.ubbcluj.ro\/index.php?rest_route=%2Fwp%2Fv2%2Fmedia&parent=216"}],"curies":[{"name":"wp","href":"https:\/\/api.w.org\/{rel}","templated":true}]}}